{"id":117,"date":"2024-03-31T20:06:24","date_gmt":"2024-03-31T18:06:24","guid":{"rendered":"https:\/\/signoretanais.com\/?page_id=117"},"modified":"2026-04-06T09:53:59","modified_gmt":"2026-04-06T07:53:59","slug":"naturopathie","status":"publish","type":"page","link":"https:\/\/signoretanais.com\/index.php\/naturopathie\/","title":{"rendered":"Naturopathie"},"content":{"rendered":"\t\t<div data-elementor-type=\"wp-page\" data-elementor-id=\"117\" class=\"elementor elementor-117\">\n\t\t\t\t<div class=\"elementor-element elementor-element-687faf3 e-flex e-con-boxed e-con e-parent\" data-id=\"687faf3\" data-element_type=\"container\" data-e-type=\"container\">\n\t\t\t\t\t<div class=\"e-con-inner\">\n\t\t\t\t<div class=\"elementor-element elementor-element-d75d222 elementor-widget elementor-widget-heading\" data-id=\"d75d222\" data-element_type=\"widget\" data-e-type=\"widget\" data-widget_type=\"heading.default\">\n\t\t\t\t<div class=\"elementor-widget-container\">\n\t\t\t\t\t<h2 class=\"elementor-heading-title elementor-size-default\">C'est quoi la naturopathie ?<\/h2>\t\t\t\t<\/div>\n\t\t\t\t<\/div>\n\t\t\t\t<div class=\"elementor-element elementor-element-ac38442 elementor-widget elementor-widget-text-editor\" data-id=\"ac38442\" data-element_type=\"widget\" data-e-type=\"widget\" data-widget_type=\"text-editor.default\">\n\t\t\t\t<div class=\"elementor-widget-container\">\n\t\t\t\t\t\t\t\t\t<p>La naturopathie s\u2019inscrit dans une dynamique de compl\u00e9mentarit\u00e9 avec la m\u00e9decine conventionnelle au service d\u2019une approche int\u00e9gr\u00e9e de la sant\u00e9. \u00c0 la fois \u00e9ducative et pr\u00e9ventive, elle constitue une synth\u00e8se des m\u00e9thodes naturelles de sant\u00e9. Elle s\u2019appuie sur les lois de la vie afin d\u2019\u00e9quilibrer le fonctionnement de l\u2019organisme, d\u2019optimiser la vitalit\u00e9, de retrouver, de maintenir ou de renforcer la bonne sant\u00e9.<\/p><div class=\"et_pb_module et_pb_text et_pb_text_7 et_pb_text_align_left et_pb_bg_layout_light\"><div class=\"et_pb_text_inner\"><h5>Les piliers de la naturopathie<\/h5><\/div><\/div><div class=\"et_pb_module et_pb_text et_pb_text_8 et_pb_text_align_left et_pb_bg_layout_light\"><div class=\"et_pb_text_inner\"><p><strong>Dans sa philosophie, la naturopathie s\u2019appuie sur cinq fondements.<\/strong><\/p><\/div><\/div><div class=\"et_pb_module et_pb_text et_pb_text_9 et_pb_text_align_left et_pb_bg_layout_light\"><ul><li><strong>Le causalisme\u00a0:<\/strong> la naturopathie vise \u00e0 toujours rechercher la cause premi\u00e8re des troubles, dont les sympt\u00f4mes ne sont que la cons\u00e9quence.<\/li><li><strong>Le vitalisme\u00a0:<\/strong> la naturopathie s\u2019appuie sur la force de vie qui anime le vivant et conf\u00e8re \u00e0 l\u2019\u00eatre humain sa capacit\u00e9 \u00e0 retrouver le chemin de l\u2019\u00e9quilibre.<\/li><li><strong>L\u2019humorisme<\/strong>\u00a0qui s\u2019int\u00e9resse \u00e0 l\u2019\u00e9quilibre hom\u00e9ostasique et \u00e0 la qualit\u00e9 des humeurs (sang, lymphe, liquides intra et extra-cellulaires). Leur surcharge par les d\u00e9chets du m\u00e9tabolisme et les toxiques provoque un d\u00e9s\u00e9quilibre du terrain.<\/li><li><strong>L\u2019hygi\u00e9nisme<\/strong>\u00a0ou l\u2019application d\u2019un mode de vie individualis\u00e9 int\u00e9grant des habitudes b\u00e9n\u00e9fiques \u00e0 la sant\u00e9 telle qu\u2019une alimentation saine, des exercices physiques, un sommeil de qualit\u00e9, une bonne gestion du stress, des contacts r\u00e9guliers avec l\u2019environnement naturel\u2026<\/li><li><strong>L\u2019holisme<\/strong>\u00a0qui prend en compte l\u2019\u00eatre humain dans sa globalit\u00e9 et dans toutes ses dimensions, physique et mentale mais aussi \u00e9motionnelle et spirituelle.<\/li><\/ul><\/div>\t\t\t\t\t\t\t\t<\/div>\n\t\t\t\t<\/div>\n\t\t\t\t<div class=\"elementor-element elementor-element-76cc8ce elementor-widget elementor-widget-heading\" data-id=\"76cc8ce\" data-element_type=\"widget\" data-e-type=\"widget\" data-widget_type=\"heading.default\">\n\t\t\t\t<div class=\"elementor-widget-container\">\n\t\t\t\t\t<h2 class=\"elementor-heading-title elementor-size-default\">Une naturopathie fonctionnelle et sant\u00e9 int\u00e9grative : une approche globale et personnalis\u00e9e <\/h2>\t\t\t\t<\/div>\n\t\t\t\t<\/div>\n\t\t\t\t<div class=\"elementor-element elementor-element-4f8e324 elementor-widget elementor-widget-text-editor\" data-id=\"4f8e324\" data-element_type=\"widget\" data-e-type=\"widget\" data-widget_type=\"text-editor.default\">\n\t\t\t\t<div class=\"elementor-widget-container\">\n\t\t\t\t\t\t\t\t\t<p data-start=\"233\" data-end=\"438\">Ana\u00efs pratique une naturopathie moderne, \u00e0 la fois <strong data-start=\"284\" data-end=\"325\">globale, fonctionnelle et int\u00e9grative<\/strong>, qui vise \u00e0 comprendre les causes profondes des d\u00e9s\u00e9quilibres plut\u00f4t que de se limiter \u00e0 soulager les sympt\u00f4mes.\u00a0Elle accompagne les adultes et les enfants vers un mieux-\u00eatre durable gr\u00e2ce \u00e0 des solutions naturelles, personnalis\u00e9es et adapt\u00e9es \u00e0 leur quotidien.<\/p><h5 data-start=\"440\" data-end=\"588\"><strong>\ud83d\udd2c Une approche en naturopathie fonctionnelle<\/strong><\/h5><p data-start=\"645\" data-end=\"742\">La <strong data-start=\"648\" data-end=\"678\">naturopathie fonctionnelle<\/strong> s\u2019int\u00e9resse au fonctionnement de l\u2019organisme dans son ensemble.\u00a0Ana\u00efs cherche \u00e0 identifier les d\u00e9s\u00e9quilibres sous-jacents pouvant expliquer vos troubles :<\/p><ul data-start=\"835\" data-end=\"1014\"><li data-section-id=\"14wskoi\" data-start=\"835\" data-end=\"858\">digestion perturb\u00e9e<\/li><li data-section-id=\"12qv9r8\" data-start=\"859\" data-end=\"886\">d\u00e9s\u00e9quilibres hormonaux<\/li><li data-section-id=\"1f6lwut\" data-start=\"887\" data-end=\"908\">fatigue chronique<\/li><li data-section-id=\"1q8fco1\" data-start=\"909\" data-end=\"932\">troubles du sommeil<\/li><li data-section-id=\"142y7m7\" data-start=\"933\" data-end=\"971\">d\u00e9r\u00e8glement du syst\u00e8me immunitaire<\/li><li data-section-id=\"l4e2d8\" data-start=\"972\" data-end=\"1014\">stress et surcharge du syst\u00e8me nerveux<\/li><\/ul><p data-start=\"1016\" data-end=\"1128\">Chaque accompagnement repose sur une compr\u00e9hension fine des interactions entre les diff\u00e9rents syst\u00e8mes du corps.<\/p><h5 data-start=\"1016\" data-end=\"1128\">\ud83c\udf0d Une vision en sant\u00e9 int\u00e9grative<\/h5><p data-start=\"1174\" data-end=\"1255\">Ana\u00efs s\u2019inscrit dans une d\u00e9marche de <strong data-start=\"1211\" data-end=\"1232\">sant\u00e9 int\u00e9grative<\/strong>, qui prend en compte : <span style=\"font-size: 1rem;\">votre alimentation, <\/span><span style=\"font-size: 1rem;\">votre hygi\u00e8ne de vie, <\/span><span style=\"font-size: 1rem;\">votre environnement, <\/span><span style=\"font-size: 1rem;\">votre \u00e9tat \u00e9motionnel, <\/span><span style=\"font-size: 1rem;\">votre historique de sant\u00e9.\u00a0<\/span>Cette approche permet de proposer un accompagnement coh\u00e9rent, en compl\u00e9ment du suivi m\u00e9dical si n\u00e9cessaire.<\/p><h5 data-start=\"1385\" data-end=\"1492\">\ud83e\uddea Une analyse bas\u00e9e sur les signes cliniques et les indicateurs biologiques<\/h5><p data-start=\"1580\" data-end=\"1624\">Lors des consultations, Ana\u00efs s\u2019appuie sur : <span style=\"font-size: 1rem;\">vos <\/span><strong style=\"font-size: 1rem;\" data-start=\"1631\" data-end=\"1664\">sympt\u00f4mes et signes cliniques, <\/strong><span style=\"font-size: 1rem;\">votre histoire de sant\u00e9, <\/span><span style=\"font-size: 1rem;\">et, lorsque vous en disposez, vos <\/span><strong style=\"font-size: 1rem;\" data-start=\"1727\" data-end=\"1751\">analyses biologiques<\/strong><span style=\"font-size: 1rem;\"> (bilan sanguin, ferritine, vitamine D, glyc\u00e9mie, etc.).\u00a0<\/span>Ces \u00e9l\u00e9ments permettent d\u2019identifier des <strong data-start=\"1849\" data-end=\"1882\">axes de travail personnalis\u00e9s<\/strong> pour r\u00e9\u00e9quilibrer l\u2019organisme.<\/p><p data-start=\"1915\" data-end=\"2072\"><em>\u26a0\ufe0f Ana\u00efs ne pose pas de diagnostic m\u00e9dical. Son r\u00f4le est d\u2019accompagner, d\u2019\u00e9duquer et de proposer des solutions naturelles en compl\u00e9ment d\u2019un suivi m\u00e9dical.<\/em><\/p>\t\t\t\t\t\t\t\t<\/div>\n\t\t\t\t<\/div>\n\t\t\t\t<div class=\"elementor-element elementor-element-25d9f89 elementor-widget elementor-widget-heading\" data-id=\"25d9f89\" data-element_type=\"widget\" data-e-type=\"widget\" data-widget_type=\"heading.default\">\n\t\t\t\t<div class=\"elementor-widget-container\">\n\t\t\t\t\t<h2 class=\"elementor-heading-title elementor-size-default\">Comment se passe une consultation ?<\/h2>\t\t\t\t<\/div>\n\t\t\t\t<\/div>\n\t\t\t\t<div class=\"elementor-element elementor-element-3f9894a elementor-widget elementor-widget-text-editor\" data-id=\"3f9894a\" data-element_type=\"widget\" data-e-type=\"widget\" data-widget_type=\"text-editor.default\">\n\t\t\t\t<div class=\"elementor-widget-container\">\n\t\t\t\t\t\t\t\t\t<p data-start=\"107\" data-end=\"291\">Chaque s\u00e9ance est un accompagnement <strong data-start=\"143\" data-end=\"178\">global, personnalis\u00e9 et concret<\/strong>, pour comprendre vos besoins en profondeur et vous proposer des solutions naturelles adapt\u00e9es \u00e0 votre quotidien. Il est conseill\u00e9, dans l&rsquo;id\u00e9al, de faire une s\u00e9ance initiale et deux s\u00e9ances de suivis pour optimiser vos r\u00e9sultats.\u00a0<\/p><h5 data-start=\"107\" data-end=\"291\">1. \ud83d\udcdd Pr\u00e9paration en amont<\/h5><p data-start=\"326\" data-end=\"518\">Avant la consultation, un questionnaire complet est envoy\u00e9 afin de recueillir les informations essentielles : historique de sant\u00e9, hygi\u00e8ne de vie, alimentation, sommeil, stress, environnement\u2026\u00a0\ud83d\udc49 Pour les adultes, ce bilan inclut \u00e9galement un <strong data-start=\"570\" data-end=\"625\">questionnaire de nutrition fonctionnelle adaptative<\/strong>, permettant d\u2019affiner l\u2019analyse et de mieux cibler les d\u00e9s\u00e9quilibres.<\/p><h5 data-section-id=\"xbbj2f\" data-start=\"702\" data-end=\"738\">2. \ud83d\udcac Consultation et \u00e9changes<\/h5><p data-start=\"739\" data-end=\"794\">La s\u00e9ance est un v\u00e9ritable temps d\u2019\u00e9coute et d\u2019analyse.\u00a0Elle permet de : <span style=\"font-size: 1rem;\">faire le lien entre vos diff\u00e9rents sympt\u00f4mes, <\/span><span style=\"font-size: 1rem;\">comprendre l\u2019origine des d\u00e9s\u00e9quilibres, <\/span><span style=\"font-size: 1rem;\">d\u00e9finir des axes de travail personnalis\u00e9s.\u00a0<\/span>Les conseils propos\u00e9s sont <strong data-start=\"979\" data-end=\"1030\">simples, progressifs et adapt\u00e9s \u00e0 votre r\u00e9alit\u00e9<\/strong>.<\/p><h5 data-section-id=\"2oiiaj\" data-start=\"1038\" data-end=\"1072\">3. \ud83d\udcc4 Programme personnalis\u00e9<\/h5><p data-start=\"1073\" data-end=\"1149\">Apr\u00e8s la s\u00e9ance, un compte-rendu clair et structur\u00e9 vous est transmis avec : <span style=\"font-size: 1rem;\">des recommandations en hygi\u00e8ne de vie, <\/span><span style=\"font-size: 1rem;\">des conseils alimentaires, <\/span><span style=\"font-size: 1rem;\">des solutions naturelles cibl\u00e9es.<\/span><\/p><h5 data-section-id=\"14rkkyq\" data-start=\"1322\" data-end=\"1375\">4. \ud83c\udf31 Orientation vers des solutions naturelles<\/h5><p data-start=\"1376\" data-end=\"1521\">Si n\u00e9cessaire, des recommandations de produits naturels adapt\u00e9s peuvent \u00eatre propos\u00e9es, avec une s\u00e9lection rigoureuse.<\/p><p data-start=\"1699\" data-end=\"1809\">\ud83d\udc9a <em data-start=\"1702\" data-end=\"1809\">Une approche globale, p\u00e9dagogique et bienveillante, pour devenir acteur de votre bien-\u00eatre naturellement.<\/em><\/p>\t\t\t\t\t\t\t\t<\/div>\n\t\t\t\t<\/div>\n\t\t\t\t<div class=\"elementor-element elementor-element-0700c25 elementor-widget elementor-widget-text-editor\" data-id=\"0700c25\" data-element_type=\"widget\" data-e-type=\"widget\" data-widget_type=\"text-editor.default\">\n\t\t\t\t<div class=\"elementor-widget-container\">\n\t\t\t\t\t\t\t\t\t<p><strong><span style=\"color: #767676; font-size: 0.8125rem; letter-spacing: 0.15em; text-transform: uppercase;\">s\u00e9ance de naturopathie adulte<\/span><\/strong><\/p><div><div><img decoding=\"async\" class=\"emoji\" role=\"img\" draggable=\"false\" src=\"https:\/\/s.w.org\/images\/core\/emoji\/17.0.2\/svg\/1f449.svg\" alt=\"\ud83d\udc49\" \/> Fatigue, stress, digestion, \u00e9quilibre hormonal : reprenez le pouvoir sur votre bien-\u00eatre gr\u00e2ce \u00e0 des solutions naturelles adapt\u00e9es \u00e0 votre quotidien.<\/div><div>\u00a0<\/div><p><span style=\"font-weight: bold;\">S\u00e9ance initiale :<\/span>\u00a01h &#8211; 90 \u20ac &#8211;\u00a0<span style=\"font-weight: bold;\">S\u00e9ance suivi :<\/span>\u00a045 min, 60 \u20ac<\/p><\/div>\t\t\t\t\t\t\t\t<\/div>\n\t\t\t\t<\/div>\n\t\t\t\t<div class=\"elementor-element elementor-element-c33713e elementor-align-center elementor-widget elementor-widget-button\" data-id=\"c33713e\" data-element_type=\"widget\" data-e-type=\"widget\" data-widget_type=\"button.default\">\n\t\t\t\t<div class=\"elementor-widget-container\">\n\t\t\t\t\t\t\t\t\t<div class=\"elementor-button-wrapper\">\n\t\t\t\t\t<a class=\"elementor-button elementor-button-link elementor-size-sm\" href=\"https:\/\/calendly.com\/signoretanais\">\n\t\t\t\t\t\t<span class=\"elementor-button-content-wrapper\">\n\t\t\t\t\t\t\t\t\t<span class=\"elementor-button-text\">R\u00e9server une consulation adulte<\/span>\n\t\t\t\t\t<\/span>\n\t\t\t\t\t<\/a>\n\t\t\t\t<\/div>\n\t\t\t\t\t\t\t\t<\/div>\n\t\t\t\t<\/div>\n\t\t\t\t<div class=\"elementor-element elementor-element-7bbae85 elementor-widget elementor-widget-text-editor\" data-id=\"7bbae85\" data-element_type=\"widget\" data-e-type=\"widget\" data-widget_type=\"text-editor.default\">\n\t\t\t\t<div class=\"elementor-widget-container\">\n\t\t\t\t\t\t\t\t\t<h5>s\u00e9ance de naturopathie b\u00e9b\u00e9\/enfant<\/h5><p>\ud83d\udc49 Sommeil, digestion, \u00e9motions, immunit\u00e9 : un accompagnement doux et naturel pour aider votre enfant \u00e0 grandir en pleine forme. Et pas besoin que votre enfant soit pr\u00e9sent ! Ana\u00efs travaille sur les \u00e9l\u00e9ments que vous relatez.<\/p><div class=\"et_pb_module et_pb_text et_pb_text_7 et_pb_text_align_left et_pb_bg_layout_light\"><div class=\"et_pb_text_inner\"><h5>\u00a0<\/h5><p><strong>S\u00e9ance initiale :<\/strong> 1h &#8211; 70 \u20ac &#8211; <strong>S\u00e9ance suivi :<\/strong> 45 min, 50 \u20ac<\/p><\/div><\/div>\t\t\t\t\t\t\t\t<\/div>\n\t\t\t\t<\/div>\n\t\t\t\t<div class=\"elementor-element elementor-element-7cb913d elementor-align-center elementor-widget elementor-widget-button\" data-id=\"7cb913d\" data-element_type=\"widget\" data-e-type=\"widget\" data-widget_type=\"button.default\">\n\t\t\t\t<div class=\"elementor-widget-container\">\n\t\t\t\t\t\t\t\t\t<div class=\"elementor-button-wrapper\">\n\t\t\t\t\t<a class=\"elementor-button elementor-button-link elementor-size-sm\" href=\"https:\/\/calendly.com\/signoretanais\">\n\t\t\t\t\t\t<span class=\"elementor-button-content-wrapper\">\n\t\t\t\t\t\t\t\t\t<span class=\"elementor-button-text\">R\u00e9server une consulation b\u00e9b\u00e9\/enfant<\/span>\n\t\t\t\t\t<\/span>\n\t\t\t\t\t<\/a>\n\t\t\t\t<\/div>\n\t\t\t\t\t\t\t\t<\/div>\n\t\t\t\t<\/div>\n\t\t\t\t\t<\/div>\n\t\t\t\t<\/div>\n\t\t\t\t<\/div>\n\t\t","protected":false},"excerpt":{"rendered":"<p>C&rsquo;est quoi la naturopathie ? La naturopathie s\u2019inscrit dans une dynamique de compl\u00e9mentarit\u00e9 avec la m\u00e9decine conventionnelle au service d\u2019une approche int\u00e9gr\u00e9e de la sant\u00e9. \u00c0 la fois \u00e9ducative et pr\u00e9ventive, elle constitue une synth\u00e8se des m\u00e9thodes naturelles de sant\u00e9. Elle s\u2019appuie sur les lois de la vie afin d\u2019\u00e9quilibrer le fonctionnement de l\u2019organisme, d\u2019optimiser &hellip; <\/p>\n<p class=\"link-more\"><a href=\"https:\/\/signoretanais.com\/index.php\/naturopathie\/\" class=\"more-link\">Continuer la lecture<span class=\"screen-reader-text\"> de &laquo;&nbsp;Naturopathie&nbsp;&raquo;<\/span><\/a><\/p>\n","protected":false},"author":1,"featured_media":0,"parent":0,"menu_order":0,"comment_status":"closed","ping_status":"closed","template":"","meta":{"_monsterinsights_skip_tracking":false,"_monsterinsights_sitenote_active":false,"_monsterinsights_sitenote_note":"","_monsterinsights_sitenote_category":0,"_uf_show_specific_survey":0,"_uf_disable_surveys":false,"footnotes":""},"class_list":["post-117","page","type-page","status-publish","hentry"],"aioseo_notices":[],"jetpack_sharing_enabled":true,"_links":{"self":[{"href":"https:\/\/signoretanais.com\/index.php\/wp-json\/wp\/v2\/pages\/117","targetHints":{"allow":["GET"]}}],"collection":[{"href":"https:\/\/signoretanais.com\/index.php\/wp-json\/wp\/v2\/pages"}],"about":[{"href":"https:\/\/signoretanais.com\/index.php\/wp-json\/wp\/v2\/types\/page"}],"author":[{"embeddable":true,"href":"https:\/\/signoretanais.com\/index.php\/wp-json\/wp\/v2\/users\/1"}],"replies":[{"embeddable":true,"href":"https:\/\/signoretanais.com\/index.php\/wp-json\/wp\/v2\/comments?post=117"}],"version-history":[{"count":31,"href":"https:\/\/signoretanais.com\/index.php\/wp-json\/wp\/v2\/pages\/117\/revisions"}],"predecessor-version":[{"id":841,"href":"https:\/\/signoretanais.com\/index.php\/wp-json\/wp\/v2\/pages\/117\/revisions\/841"}],"wp:attachment":[{"href":"https:\/\/signoretanais.com\/index.php\/wp-json\/wp\/v2\/media?parent=117"}],"curies":[{"name":"wp","href":"https:\/\/api.w.org\/{rel}","templated":true}]}}