{"id":121,"date":"2024-03-31T20:07:16","date_gmt":"2024-03-31T18:07:16","guid":{"rendered":"https:\/\/signoretanais.com\/?page_id=121"},"modified":"2026-04-06T10:05:41","modified_gmt":"2026-04-06T08:05:41","slug":"sdm-et-ateliers","status":"publish","type":"page","link":"https:\/\/signoretanais.com\/index.php\/sdm-et-ateliers\/","title":{"rendered":"Secrets de Miel &#038; Ateliers"},"content":{"rendered":"\t\t<div data-elementor-type=\"wp-page\" data-elementor-id=\"121\" class=\"elementor elementor-121\">\n\t\t\t\t<div class=\"elementor-element elementor-element-b638be5 e-flex e-con-boxed e-con e-parent\" data-id=\"b638be5\" data-element_type=\"container\" data-e-type=\"container\">\n\t\t\t\t\t<div class=\"e-con-inner\">\n\t\t\t\t<div class=\"elementor-element elementor-element-ba7c30d elementor-widget elementor-widget-heading\" data-id=\"ba7c30d\" data-element_type=\"widget\" data-e-type=\"widget\" data-widget_type=\"heading.default\">\n\t\t\t\t<div class=\"elementor-widget-container\">\n\t\t\t\t\t<h2 class=\"elementor-heading-title elementor-size-default\">Secrets de Miel<\/h2>\t\t\t\t<\/div>\n\t\t\t\t<\/div>\n\t\t\t\t<div class=\"elementor-element elementor-element-c124a35 elementor-widget elementor-widget-text-editor\" data-id=\"c124a35\" data-element_type=\"widget\" data-e-type=\"widget\" data-widget_type=\"text-editor.default\">\n\t\t\t\t<div class=\"elementor-widget-container\">\n\t\t\t\t\t\t\t\t\t<p data-start=\"67\" data-end=\"256\"><strong>En tant qu\u2019ambassadrice<\/strong>, Ana\u00efs utilise au quotidien les produits Secrets de Miel, qu\u2019elle recommande pour leur qualit\u00e9, leur efficacit\u00e9 et leur fabrication <strong>Made in France<\/strong>.\u00a0<span style=\"font-size: 1rem;\">Issus des tr\u00e9sors de la ruche et formul\u00e9s avec exigence, ces produits s\u2019int\u00e8grent parfaitement dans une <strong>routine naturelle<\/strong>, que ce soit pour soutenir l\u2019immunit\u00e9, prendre soin de la peau ou accompagner les petits maux du quotidien.\u00a0<\/span><span style=\"font-size: 1rem;\">Ils sont r\u00e9guli\u00e8rement conseill\u00e9s dans ses accompagnements, en coh\u00e9rence avec une approche globale de la sant\u00e9.<\/span><\/p><p data-start=\"652\" data-end=\"713\"><em>Vous souhaitez int\u00e9grer ces produits dans votre quotidien ?<\/em><\/p><ul data-start=\"715\" data-end=\"1005\"><li data-section-id=\"411brv\" data-start=\"715\" data-end=\"788\">Acc\u00e9der directement \u00e0 la <i><a href=\"https:\/\/privilege.secretsdemiel.com\/fr?CodeCourtier=HEKS137\">e-boutique<\/a><\/i> pour commander en toute autonomie<\/li><li data-section-id=\"5yfbkv\" data-start=\"789\" data-end=\"875\">Contacter Ana\u00efs pour b\u00e9n\u00e9ficier de commandes group\u00e9es et de conseils personnalis\u00e9s<\/li><li data-section-id=\"yc4x9w\" data-start=\"876\" data-end=\"1005\">Participer \u00e0 un Api\u2019Time, un moment convivial pour d\u00e9couvrir les produits, les tester et \u00e9changer autour du bien-\u00eatre naturel<\/li><\/ul><p data-start=\"1012\" data-end=\"1111\" data-is-last-node=\"\" data-is-only-node=\"\"><em>Une mani\u00e8re simple, naturelle et efficace de prendre soin de vous et de votre famille au quotidien.<\/em><\/p>\t\t\t\t\t\t\t\t<\/div>\n\t\t\t\t<\/div>\n\t\t\t\t<div class=\"elementor-element elementor-element-da0a106 elementor-widget elementor-widget-button\" data-id=\"da0a106\" data-element_type=\"widget\" data-e-type=\"widget\" data-widget_type=\"button.default\">\n\t\t\t\t<div class=\"elementor-widget-container\">\n\t\t\t\t\t\t\t\t\t<div class=\"elementor-button-wrapper\">\n\t\t\t\t\t<a class=\"elementor-button elementor-button-link elementor-size-sm\" href=\"https:\/\/privilege.secretsdemiel.com\/fr?CodeCourtier=HEKS137\">\n\t\t\t\t\t\t<span class=\"elementor-button-content-wrapper\">\n\t\t\t\t\t\t\t\t\t<span class=\"elementor-button-text\">D\u00e9couvrir la magie au naturel de Secrets de Miel<\/span>\n\t\t\t\t\t<\/span>\n\t\t\t\t\t<\/a>\n\t\t\t\t<\/div>\n\t\t\t\t\t\t\t\t<\/div>\n\t\t\t\t<\/div>\n\t\t\t\t<div class=\"elementor-element elementor-element-e6e150d elementor-widget elementor-widget-heading\" data-id=\"e6e150d\" data-element_type=\"widget\" data-e-type=\"widget\" data-widget_type=\"heading.default\">\n\t\t\t\t<div class=\"elementor-widget-container\">\n\t\t\t\t\t<h2 class=\"elementor-heading-title elementor-size-default\">Les Api\u2019Time Secrets de Miel<\/h2>\t\t\t\t<\/div>\n\t\t\t\t<\/div>\n\t\t\t\t<div class=\"elementor-element elementor-element-6f51a14 elementor-widget elementor-widget-text-editor\" data-id=\"6f51a14\" data-element_type=\"widget\" data-e-type=\"widget\" data-widget_type=\"text-editor.default\">\n\t\t\t\t<div class=\"elementor-widget-container\">\n\t\t\t\t\t\t\t\t\t<p data-start=\"164\" data-end=\"506\">Les <strong data-start=\"168\" data-end=\"197\">Api\u2019Times Secrets de Miel<\/strong> sont des moments de partage et de d\u00e9couverte autour des tr\u00e9sors de la ruche.\u00a0<span style=\"font-size: 1rem;\">Dans une ambiance conviviale et bienveillante, je vous invite \u00e0 explorer les <\/span><strong style=\"font-size: 1rem;\" data-start=\"354\" data-end=\"392\">bienfaits des produits de la ruche<\/strong><span style=\"font-size: 1rem;\">, \u00e0 apprendre \u00e0 les utiliser au quotidien et \u00e0 mieux comprendre leur place dans une d\u00e9marche de bien-\u00eatre naturel.<\/span><\/p><p data-start=\"508\" data-end=\"759\">Ces temps d\u2019\u00e9change sont l\u2019occasion de <strong data-start=\"547\" data-end=\"570\">tester les produits Secrets de Miel<\/strong>, de poser vos questions, de recevoir des conseils personnalis\u00e9s et de vivre une exp\u00e9rience sensorielle unique, en lien avec notre passion commune pour les abeilles et le respect du vivant.\u00a0<span style=\"font-size: 1rem;\">Les th\u00e8mes d&rsquo;ateliers changent au fil de saison et sont <strong>enti\u00e8rement gratuits<\/strong>, une raison suppl\u00e9mentaire d&rsquo;en profiter.<\/span><\/p><p data-start=\"761\" data-end=\"873\"><img decoding=\"async\" class=\"emoji\" role=\"img\" draggable=\"false\" src=\"https:\/\/s.w.org\/images\/core\/emoji\/17.0.2\/svg\/1f36f.svg\" alt=\"\ud83c\udf6f\" \/> <em data-start=\"764\" data-end=\"873\">Un moment doux, p\u00e9dagogique et authentique, pour prendre soin de soi naturellement\u2026 et en toute simplicit\u00e9<\/em><\/p>\t\t\t\t\t\t\t\t<\/div>\n\t\t\t\t<\/div>\n\t\t\t\t<div class=\"elementor-element elementor-element-066e206 elementor-widget elementor-widget-button\" data-id=\"066e206\" data-element_type=\"widget\" data-e-type=\"widget\" data-widget_type=\"button.default\">\n\t\t\t\t<div class=\"elementor-widget-container\">\n\t\t\t\t\t\t\t\t\t<div class=\"elementor-button-wrapper\">\n\t\t\t\t\t<a class=\"elementor-button elementor-button-link elementor-size-sm\" href=\"https:\/\/privilege.secretsdemiel.com\/fr?CodeCourtier=HEKS137\">\n\t\t\t\t\t\t<span class=\"elementor-button-content-wrapper\">\n\t\t\t\t\t\t\t\t\t<span class=\"elementor-button-text\">D\u00e9couvrir Secrets de Miel<\/span>\n\t\t\t\t\t<\/span>\n\t\t\t\t\t<\/a>\n\t\t\t\t<\/div>\n\t\t\t\t\t\t\t\t<\/div>\n\t\t\t\t<\/div>\n\t\t\t\t<div class=\"elementor-element elementor-element-f49f1a5 elementor-widget elementor-widget-heading\" data-id=\"f49f1a5\" data-element_type=\"widget\" data-e-type=\"widget\" data-widget_type=\"heading.default\">\n\t\t\t\t<div class=\"elementor-widget-container\">\n\t\t\t\t\t<h2 class=\"elementor-heading-title elementor-size-default\">Les Ateliers \"Fabrique Toi M\u00eame\" D.I.Y<\/h2>\t\t\t\t<\/div>\n\t\t\t\t<\/div>\n\t\t\t\t<div class=\"elementor-element elementor-element-96841f5 elementor-widget elementor-widget-text-editor\" data-id=\"96841f5\" data-element_type=\"widget\" data-e-type=\"widget\" data-widget_type=\"text-editor.default\">\n\t\t\t\t<div class=\"elementor-widget-container\">\n\t\t\t\t\t\t\t\t\t<p><span style=\"font-size: 11.5pt; line-height: 115%; font-family: 'Arial','sans-serif'; mso-fareast-language: FR;\">Au travers d\u2019un atelier, Ana\u00efs vous propose d\u2019approfondir une th\u00e9matique puis de confectionner votre produit naturel. Le petit + ? Vous repartez avec votre produit !&nbsp;<\/span><span style=\"font-family: Arial, &quot;sans-serif&quot;; font-size: 11.5pt;\">Pour un anniversaire, un EVJF, ou tout autre occasion, Ana\u00efs se d\u00e9place pour vous proposer un moment \u201csuspendu\u201d autour des produits naturels : huiles essentielles, fleurs de Bach, produits de la ruche\u2026 apr\u00e8s un temps th\u00e9orique, passe \u00e0 la pratique pour fabriquer vous m\u00eame votre pr\u00e9paration !<\/span><\/p>\t\t\t\t\t\t\t\t<\/div>\n\t\t\t\t<\/div>\n\t\t\t\t<div class=\"elementor-element elementor-element-6b77a77 elementor-widget elementor-widget-image\" data-id=\"6b77a77\" data-element_type=\"widget\" data-e-type=\"widget\" data-widget_type=\"image.default\">\n\t\t\t\t<div class=\"elementor-widget-container\">\n\t\t\t\t\t\t\t\t\t\t\t\t\t\t\t<img fetchpriority=\"high\" decoding=\"async\" width=\"525\" height=\"350\" src=\"https:\/\/signoretanais.com\/wp-content\/uploads\/2026\/04\/Fichier-33-1024x683.jpg\" class=\"attachment-large size-large wp-image-815\" alt=\"\" srcset=\"https:\/\/signoretanais.com\/wp-content\/uploads\/2026\/04\/Fichier-33-1024x683.jpg 1024w, https:\/\/signoretanais.com\/wp-content\/uploads\/2026\/04\/Fichier-33-300x200.jpg 300w, https:\/\/signoretanais.com\/wp-content\/uploads\/2026\/04\/Fichier-33-768x512.jpg 768w, https:\/\/signoretanais.com\/wp-content\/uploads\/2026\/04\/Fichier-33-1536x1024.jpg 1536w, https:\/\/signoretanais.com\/wp-content\/uploads\/2026\/04\/Fichier-33-2048x1365.jpg 2048w, https:\/\/signoretanais.com\/wp-content\/uploads\/2026\/04\/Fichier-33-350x233.jpg 350w\" sizes=\"100vw\" \/>\t\t\t\t\t\t\t\t\t\t\t\t\t\t\t<\/div>\n\t\t\t\t<\/div>\n\t\t\t\t\t<\/div>\n\t\t\t\t<\/div>\n\t\t<div class=\"elementor-element elementor-element-fdcfa78 e-flex e-con-boxed e-con e-parent\" data-id=\"fdcfa78\" data-element_type=\"container\" data-e-type=\"container\">\n\t\t\t\t\t<div class=\"e-con-inner\">\n\t\t\t\t<div class=\"elementor-element elementor-element-a95e8be elementor-widget elementor-widget-text-editor\" data-id=\"a95e8be\" data-element_type=\"widget\" data-e-type=\"widget\" data-widget_type=\"text-editor.default\">\n\t\t\t\t<div class=\"elementor-widget-container\">\n\t\t\t\t\t\t\t\t\t<p>Durant les ateliers, Ana\u00efs vous emm\u00e8ne dans son univers m\u00ealant sa passion des D.I.Y (do.it.yourself) et des produits naturels.&nbsp;<span style=\"font-size: 1rem;\">Et vous savez quoi ?! Elle s&rsquo;occupe de tout ! Le tarif comprend les mati\u00e8res premi\u00e8res, les outils de confections, les explications et une bonne dose de bonne humeur !<\/span><\/p>\t\t\t\t\t\t\t\t<\/div>\n\t\t\t\t<\/div>\n\t\t\t\t<div class=\"elementor-element elementor-element-5065f2e elementor-align-center elementor-widget elementor-widget-button\" data-id=\"5065f2e\" data-element_type=\"widget\" data-e-type=\"widget\" data-widget_type=\"button.default\">\n\t\t\t\t<div class=\"elementor-widget-container\">\n\t\t\t\t\t\t\t\t\t<div class=\"elementor-button-wrapper\">\n\t\t\t\t\t<a class=\"elementor-button elementor-button-link elementor-size-sm\" href=\"https:\/\/drive.google.com\/file\/d\/13zpgmx14PYhz3Qb3S2V33OHydgZ8Djod\/view?usp=sharing\">\n\t\t\t\t\t\t<span class=\"elementor-button-content-wrapper\">\n\t\t\t\t\t\t\t\t\t<span class=\"elementor-button-text\">D\u00e9couvrez tous les ateliers propos\u00e9s<\/span>\n\t\t\t\t\t<\/span>\n\t\t\t\t\t<\/a>\n\t\t\t\t<\/div>\n\t\t\t\t\t\t\t\t<\/div>\n\t\t\t\t<\/div>\n\t\t\t\t<div class=\"elementor-element elementor-element-a7c2139 elementor-widget elementor-widget-text-editor\" data-id=\"a7c2139\" data-element_type=\"widget\" data-e-type=\"widget\" data-widget_type=\"text-editor.default\">\n\t\t\t\t<div class=\"elementor-widget-container\">\n\t\t\t\t\t\t\t\t\t<h5>D\u00e9tail des ateliers<\/h5><p>Prix des ateliers \/ personne : 35 \u20ac tout compris.\u00a0<em>Si vous avez une demande particuli\u00e8re, contactez directement Ana\u00efs Signoret pour \u00e9changer sur vos souhaits.<\/em><\/p>\t\t\t\t\t\t\t\t<\/div>\n\t\t\t\t<\/div>\n\t\t\t\t\t<\/div>\n\t\t\t\t<\/div>\n\t\t\t\t<\/div>\n\t\t","protected":false},"excerpt":{"rendered":"<p>Secrets de Miel En tant qu\u2019ambassadrice, Ana\u00efs utilise au quotidien les produits Secrets de Miel, qu\u2019elle recommande pour leur qualit\u00e9, leur efficacit\u00e9 et leur fabrication Made in France.\u00a0Issus des tr\u00e9sors de la ruche et formul\u00e9s avec exigence, ces produits s\u2019int\u00e8grent parfaitement dans une routine naturelle, que ce soit pour soutenir l\u2019immunit\u00e9, prendre soin de la &hellip; <\/p>\n<p class=\"link-more\"><a href=\"https:\/\/signoretanais.com\/index.php\/sdm-et-ateliers\/\" class=\"more-link\">Continuer la lecture<span class=\"screen-reader-text\"> de &laquo;&nbsp;Secrets de Miel &#038; Ateliers&nbsp;&raquo;<\/span><\/a><\/p>\n","protected":false},"author":1,"featured_media":0,"parent":0,"menu_order":0,"comment_status":"closed","ping_status":"closed","template":"","meta":{"_monsterinsights_skip_tracking":false,"_monsterinsights_sitenote_active":false,"_monsterinsights_sitenote_note":"","_monsterinsights_sitenote_category":0,"_uf_show_specific_survey":0,"_uf_disable_surveys":false,"footnotes":""},"class_list":["post-121","page","type-page","status-publish","hentry"],"aioseo_notices":[],"jetpack_sharing_enabled":true,"_links":{"self":[{"href":"https:\/\/signoretanais.com\/index.php\/wp-json\/wp\/v2\/pages\/121","targetHints":{"allow":["GET"]}}],"collection":[{"href":"https:\/\/signoretanais.com\/index.php\/wp-json\/wp\/v2\/pages"}],"about":[{"href":"https:\/\/signoretanais.com\/index.php\/wp-json\/wp\/v2\/types\/page"}],"author":[{"embeddable":true,"href":"https:\/\/signoretanais.com\/index.php\/wp-json\/wp\/v2\/users\/1"}],"replies":[{"embeddable":true,"href":"https:\/\/signoretanais.com\/index.php\/wp-json\/wp\/v2\/comments?post=121"}],"version-history":[{"count":41,"href":"https:\/\/signoretanais.com\/index.php\/wp-json\/wp\/v2\/pages\/121\/revisions"}],"predecessor-version":[{"id":854,"href":"https:\/\/signoretanais.com\/index.php\/wp-json\/wp\/v2\/pages\/121\/revisions\/854"}],"wp:attachment":[{"href":"https:\/\/signoretanais.com\/index.php\/wp-json\/wp\/v2\/media?parent=121"}],"curies":[{"name":"wp","href":"https:\/\/api.w.org\/{rel}","templated":true}]}}