{"id":131,"date":"2024-03-31T20:25:05","date_gmt":"2024-03-31T18:25:05","guid":{"rendered":"https:\/\/signoretanais.com\/?page_id=131"},"modified":"2026-04-06T09:48:41","modified_gmt":"2026-04-06T07:48:41","slug":"a-propos-de-2","status":"publish","type":"page","link":"https:\/\/signoretanais.com\/index.php\/a-propos-de-2\/","title":{"rendered":"A propos de"},"content":{"rendered":"\t\t<div data-elementor-type=\"wp-page\" data-elementor-id=\"131\" class=\"elementor elementor-131\">\n\t\t\t\t<div class=\"elementor-element elementor-element-100e913 e-flex e-con-boxed e-con e-parent\" data-id=\"100e913\" data-element_type=\"container\" data-e-type=\"container\">\n\t\t\t\t\t<div class=\"e-con-inner\">\n\t\t\t\t<div class=\"elementor-element elementor-element-127b808 elementor-widget elementor-widget-text-editor\" data-id=\"127b808\" data-element_type=\"widget\" data-e-type=\"widget\" data-widget_type=\"text-editor.default\">\n\t\t\t\t<div class=\"elementor-widget-container\">\n\t\t\t\t\t\t\t\t\t<h3 data-start=\"178\" data-end=\"193\"><strong>Bienvenue <img decoding=\"async\" draggable=\"false\" role=\"img\" class=\"emoji\" alt=\"\u2728\" src=\"https:\/\/s.w.org\/images\/core\/emoji\/17.0.2\/svg\/2728.svg\"><\/strong><\/h3>\n<p data-start=\"195\" data-end=\"302\">Je suis <strong data-start=\"203\" data-end=\"221\">Ana\u00efs<\/strong>, ing\u00e9nieure en agronomie, certifi\u00e9e en naturopathie, sp\u00e9cialis\u00e9e en p\u00e9diatrie et coach en nutrition.<\/p>\n<p data-start=\"304\" data-end=\"707\">Amoureuse de la nature et profond\u00e9ment convaincue de sa capacit\u00e9 \u00e0 nous accompagner au quotidien, j\u2019ai tr\u00e8s t\u00f4t ressenti le besoin de <strong data-start=\"438\" data-end=\"523\">comprendre, transmettre et utiliser les ressources naturelles de mani\u00e8re \u00e9clair\u00e9e<\/strong>. C\u2019est ce chemin qui m\u2019a men\u00e9e vers la naturopathie, puis vers l\u2019apith\u00e9rapie, une \u00e9vidence tant les abeilles occupent une place essentielle dans notre \u00e9cosyst\u00e8me\u2026 et dans ma pratique (et dans ma vie).<\/p>\n<p data-start=\"709\" data-end=\"893\">Aujourd\u2019hui, j\u2019ai \u00e0 c\u0153ur de <strong data-start=\"737\" data-end=\"784\">vous accompagner vers un mieux-\u00eatre durable<\/strong>, \u00e0 travers des techniques naturelles, respectueuses de votre rythme, de votre corps et de votre mode de vie.<\/p>\n<p data-start=\"895\" data-end=\"1219\">Lors des accompagnements individuels, des massages et des ateliers, je m\u00eale <strong data-start=\"971\" data-end=\"1014\">mon expertise scientifique en agronomie<\/strong>, mes comp\u00e9tences en <strong data-start=\"1035\" data-end=\"1051\">naturopathie<\/strong> et ma passion pour l\u2019<strong data-start=\"1073\" data-end=\"1088\">apith\u00e9rapie<\/strong>, afin de vous proposer une <strong data-start=\"1116\" data-end=\"1159\">approche globale, coh\u00e9rente et concr\u00e8te<\/strong>, avec des conseils simples \u00e0 int\u00e9grer dans votre quotidien.<\/p>\n<p data-start=\"1221\" data-end=\"1434\">Je suis \u00e9galement <strong data-start=\"1239\" data-end=\"1298\">intervenante \u00e0 l\u2019<a href=\"https:\/\/www.utlgap.org\/\">Universit\u00e9 du Temps Libre<\/a> (UTL) de Gap<\/strong>, o\u00f9 j\u2019anime des modules autour de la sant\u00e9 naturelle, dans une d\u00e9marche de p\u00e9dagogie, de pr\u00e9vention et de transmission.<\/p>\n<p data-start=\"1436\" data-end=\"1671\">En tant qu\u2019<strong data-start=\"1447\" data-end=\"1479\">ambassadrice Secrets de Miel<\/strong>, je poursuis cette logique naturelle et engag\u00e9e, en vous guidant vers des produits de la ruche de qualit\u00e9, issus d\u2019une fili\u00e8re respectueuse des abeilles, de l\u2019environnement et de votre sant\u00e9.<\/p>\n<p data-start=\"1673\" data-end=\"1847\">Les accompagnements, massages et ateliers s\u2019adressent \u00e0 <strong data-start=\"1729\" data-end=\"1803\">toutes les personnes souhaitant am\u00e9liorer leur bien-\u00eatre naturellement<\/strong>, quel que soit l\u2019\u00e2ge ou le point de d\u00e9part.<\/p>\n<p data-start=\"1673\" data-end=\"1847\"><strong>Mes valeurs \u00e0 vos c\u00f4t\u00e9s <img decoding=\"async\" draggable=\"false\" role=\"img\" class=\"emoji\" alt=\"\ud83d\udc9a\" src=\"https:\/\/s.w.org\/images\/core\/emoji\/17.0.2\/svg\/1f49a.svg\"><\/strong><\/p>\n<p data-start=\"1886\" data-end=\"2084\">Parce que je suis profond\u00e9ment humaine, chaque s\u00e9ance est un espace de <strong data-start=\"1959\" data-end=\"2016\">bienveillance, d\u2019\u00e9coute, de respect et d\u2019authenticit\u00e9<\/strong>, o\u00f9 votre singularit\u00e9 et votre parcours sont pleinement consid\u00e9r\u00e9s.<\/p>\n<p data-start=\"2086\" data-end=\"2172\"><img decoding=\"async\" draggable=\"false\" role=\"img\" class=\"emoji\" alt=\"\u2728\" src=\"https:\/\/s.w.org\/images\/core\/emoji\/17.0.2\/svg\/2728.svg\"> <em data-start=\"2088\" data-end=\"2172\">Vous accompagner avec douceur, sens et passion, sur votre chemin vers l\u2019\u00e9quilibre<\/em><\/p>\t\t\t\t\t\t\t\t<\/div>\n\t\t\t\t<\/div>\n\t\t\t\t\t<\/div>\n\t\t\t\t<\/div>\n\t\t<div class=\"elementor-element elementor-element-ecda88f e-grid e-con-boxed e-con e-parent\" data-id=\"ecda88f\" data-element_type=\"container\" data-e-type=\"container\">\n\t\t\t\t\t<div class=\"e-con-inner\">\n\t\t\t\t<div class=\"elementor-element elementor-element-d5efdca elementor-widget elementor-widget-image\" data-id=\"d5efdca\" data-element_type=\"widget\" data-e-type=\"widget\" data-widget_type=\"image.default\">\n\t\t\t\t<div class=\"elementor-widget-container\">\n\t\t\t\t\t\t\t\t\t\t\t\t\t\t\t<img fetchpriority=\"high\" decoding=\"async\" width=\"525\" height=\"787\" src=\"https:\/\/signoretanais.com\/wp-content\/uploads\/2026\/04\/Fichier-67-683x1024.jpg\" class=\"attachment-large size-large wp-image-816\" alt=\"\" srcset=\"https:\/\/signoretanais.com\/wp-content\/uploads\/2026\/04\/Fichier-67-683x1024.jpg 683w, https:\/\/signoretanais.com\/wp-content\/uploads\/2026\/04\/Fichier-67-200x300.jpg 200w, https:\/\/signoretanais.com\/wp-content\/uploads\/2026\/04\/Fichier-67-768x1152.jpg 768w, https:\/\/signoretanais.com\/wp-content\/uploads\/2026\/04\/Fichier-67-1024x1536.jpg 1024w, https:\/\/signoretanais.com\/wp-content\/uploads\/2026\/04\/Fichier-67-1365x2048.jpg 1365w, https:\/\/signoretanais.com\/wp-content\/uploads\/2026\/04\/Fichier-67-350x525.jpg 350w, https:\/\/signoretanais.com\/wp-content\/uploads\/2026\/04\/Fichier-67-scaled.jpg 1707w\" sizes=\"100vw\" \/>\t\t\t\t\t\t\t\t\t\t\t\t\t\t\t<\/div>\n\t\t\t\t<\/div>\n\t\t\t\t<div class=\"elementor-element elementor-element-80e0b0f elementor-widget elementor-widget-image\" data-id=\"80e0b0f\" data-element_type=\"widget\" data-e-type=\"widget\" data-widget_type=\"image.default\">\n\t\t\t\t<div class=\"elementor-widget-container\">\n\t\t\t\t\t\t\t\t\t\t\t\t\t\t\t<img decoding=\"async\" width=\"525\" height=\"787\" src=\"https:\/\/signoretanais.com\/wp-content\/uploads\/2026\/04\/Fichier-12-683x1024.jpg\" class=\"attachment-large size-large wp-image-814\" alt=\"\" srcset=\"https:\/\/signoretanais.com\/wp-content\/uploads\/2026\/04\/Fichier-12-683x1024.jpg 683w, https:\/\/signoretanais.com\/wp-content\/uploads\/2026\/04\/Fichier-12-200x300.jpg 200w, https:\/\/signoretanais.com\/wp-content\/uploads\/2026\/04\/Fichier-12-768x1152.jpg 768w, https:\/\/signoretanais.com\/wp-content\/uploads\/2026\/04\/Fichier-12-1024x1536.jpg 1024w, https:\/\/signoretanais.com\/wp-content\/uploads\/2026\/04\/Fichier-12-1365x2048.jpg 1365w, https:\/\/signoretanais.com\/wp-content\/uploads\/2026\/04\/Fichier-12-350x525.jpg 350w, https:\/\/signoretanais.com\/wp-content\/uploads\/2026\/04\/Fichier-12-scaled.jpg 1707w\" sizes=\"100vw\" \/>\t\t\t\t\t\t\t\t\t\t\t\t\t\t\t<\/div>\n\t\t\t\t<\/div>\n\t\t\t\t\t<\/div>\n\t\t\t\t<\/div>\n\t\t\t\t<\/div>\n\t\t","protected":false},"excerpt":{"rendered":"<p>Bienvenue Je suis Ana\u00efs, ing\u00e9nieure en agronomie, certifi\u00e9e en naturopathie, sp\u00e9cialis\u00e9e en p\u00e9diatrie et coach en nutrition. Amoureuse de la nature et profond\u00e9ment convaincue de sa capacit\u00e9 \u00e0 nous accompagner au quotidien, j\u2019ai tr\u00e8s t\u00f4t ressenti le besoin de comprendre, transmettre et utiliser les ressources naturelles de mani\u00e8re \u00e9clair\u00e9e. C\u2019est ce chemin qui m\u2019a men\u00e9e &hellip; <\/p>\n<p class=\"link-more\"><a href=\"https:\/\/signoretanais.com\/index.php\/a-propos-de-2\/\" class=\"more-link\">Continuer la lecture<span class=\"screen-reader-text\"> de &laquo;&nbsp;A propos de&nbsp;&raquo;<\/span><\/a><\/p>\n","protected":false},"author":1,"featured_media":107,"parent":0,"menu_order":0,"comment_status":"closed","ping_status":"closed","template":"","meta":{"_monsterinsights_skip_tracking":false,"_monsterinsights_sitenote_active":false,"_monsterinsights_sitenote_note":"","_monsterinsights_sitenote_category":0,"_uf_show_specific_survey":0,"_uf_disable_surveys":false,"footnotes":""},"class_list":["post-131","page","type-page","status-publish","has-post-thumbnail","hentry"],"aioseo_notices":[],"jetpack_sharing_enabled":true,"_links":{"self":[{"href":"https:\/\/signoretanais.com\/index.php\/wp-json\/wp\/v2\/pages\/131","targetHints":{"allow":["GET"]}}],"collection":[{"href":"https:\/\/signoretanais.com\/index.php\/wp-json\/wp\/v2\/pages"}],"about":[{"href":"https:\/\/signoretanais.com\/index.php\/wp-json\/wp\/v2\/types\/page"}],"author":[{"embeddable":true,"href":"https:\/\/signoretanais.com\/index.php\/wp-json\/wp\/v2\/users\/1"}],"replies":[{"embeddable":true,"href":"https:\/\/signoretanais.com\/index.php\/wp-json\/wp\/v2\/comments?post=131"}],"version-history":[{"count":29,"href":"https:\/\/signoretanais.com\/index.php\/wp-json\/wp\/v2\/pages\/131\/revisions"}],"predecessor-version":[{"id":832,"href":"https:\/\/signoretanais.com\/index.php\/wp-json\/wp\/v2\/pages\/131\/revisions\/832"}],"wp:featuredmedia":[{"embeddable":true,"href":"https:\/\/signoretanais.com\/index.php\/wp-json\/wp\/v2\/media\/107"}],"wp:attachment":[{"href":"https:\/\/signoretanais.com\/index.php\/wp-json\/wp\/v2\/media?parent=131"}],"curies":[{"name":"wp","href":"https:\/\/api.w.org\/{rel}","templated":true}]}}