{"id":152,"date":"2024-03-31T20:52:17","date_gmt":"2024-03-31T18:52:17","guid":{"rendered":"https:\/\/signoretanais.com\/?page_id=152"},"modified":"2026-01-01T12:12:43","modified_gmt":"2026-01-01T11:12:43","slug":"services1","status":"publish","type":"page","link":"https:\/\/signoretanais.com\/index.php\/services1\/","title":{"rendered":"Services"},"content":{"rendered":"\t\t<div data-elementor-type=\"wp-page\" data-elementor-id=\"152\" class=\"elementor elementor-152\">\n\t\t\t\t<div class=\"elementor-element elementor-element-49d92e0 e-con-full e-flex e-con e-parent\" data-id=\"49d92e0\" data-element_type=\"container\" data-e-type=\"container\">\n\t\t\t\t<div class=\"elementor-element elementor-element-7a1d4b7 elementor-widget elementor-widget-heading\" data-id=\"7a1d4b7\" data-element_type=\"widget\" data-e-type=\"widget\" data-widget_type=\"heading.default\">\n\t\t\t\t<div class=\"elementor-widget-container\">\n\t\t\t\t\t<h2 class=\"elementor-heading-title elementor-size-default\">Naturopathie<\/h2>\t\t\t\t<\/div>\n\t\t\t\t<\/div>\n\t\t\t\t<div class=\"elementor-element elementor-element-4217bc7 elementor-widget elementor-widget-text-editor\" data-id=\"4217bc7\" data-element_type=\"widget\" data-e-type=\"widget\" data-widget_type=\"text-editor.default\">\n\t\t\t\t<div class=\"elementor-widget-container\">\n\t\t\t\t\t\t\t\t\t<p>S\u00e9ance de naturopathie pour les petits ou les grands, un moment privil\u00e9gi\u00e9 pour faire le point sur\u00a0 son hygi\u00e8ne de vie.<\/p>\t\t\t\t\t\t\t\t<\/div>\n\t\t\t\t<\/div>\n\t\t\t\t<div class=\"elementor-element elementor-element-0c3d9d2 elementor-widget elementor-widget-image\" data-id=\"0c3d9d2\" data-element_type=\"widget\" data-e-type=\"widget\" data-widget_type=\"image.default\">\n\t\t\t\t<div class=\"elementor-widget-container\">\n\t\t\t\t\t\t\t\t\t\t\t\t\t\t\t<img decoding=\"async\" width=\"150\" height=\"150\" src=\"https:\/\/signoretanais.com\/wp-content\/uploads\/2024\/03\/4-150x150.png\" class=\"attachment-thumbnail size-thumbnail wp-image-106\" alt=\"\" srcset=\"https:\/\/signoretanais.com\/wp-content\/uploads\/2024\/03\/4-150x150.png 150w, https:\/\/signoretanais.com\/wp-content\/uploads\/2024\/03\/4-250x250.png 250w, https:\/\/signoretanais.com\/wp-content\/uploads\/2024\/03\/4-100x100.png 100w\" sizes=\"100vw\" \/>\t\t\t\t\t\t\t\t\t\t\t\t\t\t\t<\/div>\n\t\t\t\t<\/div>\n\t\t\t\t<div class=\"elementor-element elementor-element-f04adfb elementor-align-center elementor-widget elementor-widget-button\" data-id=\"f04adfb\" data-element_type=\"widget\" data-e-type=\"widget\" data-widget_type=\"button.default\">\n\t\t\t\t<div class=\"elementor-widget-container\">\n\t\t\t\t\t\t\t\t\t<div class=\"elementor-button-wrapper\">\n\t\t\t\t\t<a class=\"elementor-button elementor-button-link elementor-size-sm\" href=\"https:\/\/signoretanais.com\/index.php\/naturopathie\/\">\n\t\t\t\t\t\t<span class=\"elementor-button-content-wrapper\">\n\t\t\t\t\t\t\t\t\t<span class=\"elementor-button-text\">En savoir +<\/span>\n\t\t\t\t\t<\/span>\n\t\t\t\t\t<\/a>\n\t\t\t\t<\/div>\n\t\t\t\t\t\t\t\t<\/div>\n\t\t\t\t<\/div>\n\t\t\t\t<div class=\"elementor-element elementor-element-07b59aa elementor-widget-divider--view-line elementor-widget elementor-widget-divider\" data-id=\"07b59aa\" data-element_type=\"widget\" data-e-type=\"widget\" data-widget_type=\"divider.default\">\n\t\t\t\t<div class=\"elementor-widget-container\">\n\t\t\t\t\t\t\t<div class=\"elementor-divider\">\n\t\t\t<span class=\"elementor-divider-separator\">\n\t\t\t\t\t\t<\/span>\n\t\t<\/div>\n\t\t\t\t\t\t<\/div>\n\t\t\t\t<\/div>\n\t\t\t\t<div class=\"elementor-element elementor-element-3295039 elementor-widget elementor-widget-heading\" data-id=\"3295039\" data-element_type=\"widget\" data-e-type=\"widget\" data-widget_type=\"heading.default\">\n\t\t\t\t<div class=\"elementor-widget-container\">\n\t\t\t\t\t<h2 class=\"elementor-heading-title elementor-size-default\">Massage Th\u00e9rapeutique<\/h2>\t\t\t\t<\/div>\n\t\t\t\t<\/div>\n\t\t\t\t<div class=\"elementor-element elementor-element-a10e175 elementor-widget elementor-widget-text-editor\" data-id=\"a10e175\" data-element_type=\"widget\" data-e-type=\"widget\" data-widget_type=\"text-editor.default\">\n\t\t\t\t<div class=\"elementor-widget-container\">\n\t\t\t\t\t\t\t\t\t<p>Drainage lymphatique manuel, massage Chi Ne\u00ef Tsang ou massage Abhyanga , des instants tout en douceur pour se faire du bien.<\/p>\t\t\t\t\t\t\t\t<\/div>\n\t\t\t\t<\/div>\n\t\t\t\t<div class=\"elementor-element elementor-element-5d92ed5 elementor-widget elementor-widget-image\" data-id=\"5d92ed5\" data-element_type=\"widget\" data-e-type=\"widget\" data-widget_type=\"image.default\">\n\t\t\t\t<div class=\"elementor-widget-container\">\n\t\t\t\t\t\t\t\t\t\t\t\t\t\t\t<img decoding=\"async\" width=\"150\" height=\"150\" src=\"https:\/\/signoretanais.com\/wp-content\/uploads\/2024\/04\/8-150x150.png\" class=\"attachment-thumbnail size-thumbnail wp-image-220\" alt=\"\" srcset=\"https:\/\/signoretanais.com\/wp-content\/uploads\/2024\/04\/8-150x150.png 150w, https:\/\/signoretanais.com\/wp-content\/uploads\/2024\/04\/8-250x250.png 250w, https:\/\/signoretanais.com\/wp-content\/uploads\/2024\/04\/8-100x100.png 100w\" sizes=\"100vw\" \/>\t\t\t\t\t\t\t\t\t\t\t\t\t\t\t<\/div>\n\t\t\t\t<\/div>\n\t\t\t\t<div class=\"elementor-element elementor-element-a802c71 elementor-align-center elementor-widget elementor-widget-button\" data-id=\"a802c71\" data-element_type=\"widget\" data-e-type=\"widget\" data-widget_type=\"button.default\">\n\t\t\t\t<div class=\"elementor-widget-container\">\n\t\t\t\t\t\t\t\t\t<div class=\"elementor-button-wrapper\">\n\t\t\t\t\t<a class=\"elementor-button elementor-button-link elementor-size-sm\" href=\"https:\/\/signoretanais.com\/index.php\/massage-soin\/\">\n\t\t\t\t\t\t<span class=\"elementor-button-content-wrapper\">\n\t\t\t\t\t\t\t\t\t<span class=\"elementor-button-text\">En savoir +<\/span>\n\t\t\t\t\t<\/span>\n\t\t\t\t\t<\/a>\n\t\t\t\t<\/div>\n\t\t\t\t\t\t\t\t<\/div>\n\t\t\t\t<\/div>\n\t\t\t\t<div class=\"elementor-element elementor-element-1a86e89 elementor-widget-divider--view-line elementor-widget elementor-widget-divider\" data-id=\"1a86e89\" data-element_type=\"widget\" data-e-type=\"widget\" data-widget_type=\"divider.default\">\n\t\t\t\t<div class=\"elementor-widget-container\">\n\t\t\t\t\t\t\t<div class=\"elementor-divider\">\n\t\t\t<span class=\"elementor-divider-separator\">\n\t\t\t\t\t\t<\/span>\n\t\t<\/div>\n\t\t\t\t\t\t<\/div>\n\t\t\t\t<\/div>\n\t\t\t\t<div class=\"elementor-element elementor-element-4daf4c8 elementor-widget elementor-widget-heading\" data-id=\"4daf4c8\" data-element_type=\"widget\" data-e-type=\"widget\" data-widget_type=\"heading.default\">\n\t\t\t\t<div class=\"elementor-widget-container\">\n\t\t\t\t\t<h2 class=\"elementor-heading-title elementor-size-default\">Ateliers Th\u00e9matiques<\/h2>\t\t\t\t<\/div>\n\t\t\t\t<\/div>\n\t\t\t\t<div class=\"elementor-element elementor-element-a3164d4 elementor-widget elementor-widget-text-editor\" data-id=\"a3164d4\" data-element_type=\"widget\" data-e-type=\"widget\" data-widget_type=\"text-editor.default\">\n\t\t\t\t<div class=\"elementor-widget-container\">\n\t\t\t\t\t\t\t\t\t<p>Apprendre en fabricant, voil\u00e0 les ma\u00eetres-mots des ateliers th\u00e9matiques<\/p>\t\t\t\t\t\t\t\t<\/div>\n\t\t\t\t<\/div>\n\t\t\t\t<div class=\"elementor-element elementor-element-55c9d00 elementor-widget elementor-widget-image\" data-id=\"55c9d00\" data-element_type=\"widget\" data-e-type=\"widget\" data-widget_type=\"image.default\">\n\t\t\t\t<div class=\"elementor-widget-container\">\n\t\t\t\t\t\t\t\t\t\t\t\t\t\t\t<img decoding=\"async\" width=\"150\" height=\"150\" src=\"https:\/\/signoretanais.com\/wp-content\/uploads\/2024\/04\/photo_site-internet-150x150.png\" class=\"attachment-thumbnail size-thumbnail wp-image-235\" alt=\"\" srcset=\"https:\/\/signoretanais.com\/wp-content\/uploads\/2024\/04\/photo_site-internet-150x150.png 150w, https:\/\/signoretanais.com\/wp-content\/uploads\/2024\/04\/photo_site-internet-250x250.png 250w, https:\/\/signoretanais.com\/wp-content\/uploads\/2024\/04\/photo_site-internet-100x100.png 100w\" sizes=\"100vw\" \/>\t\t\t\t\t\t\t\t\t\t\t\t\t\t\t<\/div>\n\t\t\t\t<\/div>\n\t\t\t\t<div class=\"elementor-element elementor-element-b8986a4 elementor-align-center elementor-widget elementor-widget-button\" data-id=\"b8986a4\" data-element_type=\"widget\" data-e-type=\"widget\" data-widget_type=\"button.default\">\n\t\t\t\t<div class=\"elementor-widget-container\">\n\t\t\t\t\t\t\t\t\t<div class=\"elementor-button-wrapper\">\n\t\t\t\t\t<a class=\"elementor-button elementor-button-link elementor-size-sm\" href=\"https:\/\/signoretanais.com\/index.php\/ateliers\/\">\n\t\t\t\t\t\t<span class=\"elementor-button-content-wrapper\">\n\t\t\t\t\t\t\t\t\t<span class=\"elementor-button-text\">En savoir +<\/span>\n\t\t\t\t\t<\/span>\n\t\t\t\t\t<\/a>\n\t\t\t\t<\/div>\n\t\t\t\t\t\t\t\t<\/div>\n\t\t\t\t<\/div>\n\t\t\t\t<\/div>\n\t\t\t\t<\/div>\n\t\t","protected":false},"excerpt":{"rendered":"<p>Naturopathie S\u00e9ance de naturopathie pour les petits ou les grands, un moment privil\u00e9gi\u00e9 pour faire le point sur\u00a0 son hygi\u00e8ne de vie. En savoir + Massage Th\u00e9rapeutique Drainage lymphatique manuel, massage Chi Ne\u00ef Tsang ou massage Abhyanga , des instants tout en douceur pour se faire du bien. En savoir + Ateliers Th\u00e9matiques Apprendre en &hellip; <\/p>\n<p class=\"link-more\"><a href=\"https:\/\/signoretanais.com\/index.php\/services1\/\" class=\"more-link\">Continuer la lecture<span class=\"screen-reader-text\"> de &laquo;&nbsp;Services&nbsp;&raquo;<\/span><\/a><\/p>\n","protected":false},"author":1,"featured_media":108,"parent":0,"menu_order":0,"comment_status":"closed","ping_status":"closed","template":"","meta":{"_monsterinsights_skip_tracking":false,"_monsterinsights_sitenote_active":false,"_monsterinsights_sitenote_note":"","_monsterinsights_sitenote_category":0,"_uf_show_specific_survey":0,"_uf_disable_surveys":false,"footnotes":""},"class_list":["post-152","page","type-page","status-publish","has-post-thumbnail","hentry"],"aioseo_notices":[],"jetpack_sharing_enabled":true,"_links":{"self":[{"href":"https:\/\/signoretanais.com\/index.php\/wp-json\/wp\/v2\/pages\/152","targetHints":{"allow":["GET"]}}],"collection":[{"href":"https:\/\/signoretanais.com\/index.php\/wp-json\/wp\/v2\/pages"}],"about":[{"href":"https:\/\/signoretanais.com\/index.php\/wp-json\/wp\/v2\/types\/page"}],"author":[{"embeddable":true,"href":"https:\/\/signoretanais.com\/index.php\/wp-json\/wp\/v2\/users\/1"}],"replies":[{"embeddable":true,"href":"https:\/\/signoretanais.com\/index.php\/wp-json\/wp\/v2\/comments?post=152"}],"version-history":[{"count":43,"href":"https:\/\/signoretanais.com\/index.php\/wp-json\/wp\/v2\/pages\/152\/revisions"}],"predecessor-version":[{"id":683,"href":"https:\/\/signoretanais.com\/index.php\/wp-json\/wp\/v2\/pages\/152\/revisions\/683"}],"wp:featuredmedia":[{"embeddable":true,"href":"https:\/\/signoretanais.com\/index.php\/wp-json\/wp\/v2\/media\/108"}],"wp:attachment":[{"href":"https:\/\/signoretanais.com\/index.php\/wp-json\/wp\/v2\/media?parent=152"}],"curies":[{"name":"wp","href":"https:\/\/api.w.org\/{rel}","templated":true}]}}