{"id":260,"date":"2024-04-24T13:01:30","date_gmt":"2024-04-24T11:01:30","guid":{"rendered":"https:\/\/signoretanais.com\/?page_id=260"},"modified":"2026-04-01T12:59:34","modified_gmt":"2026-04-01T10:59:34","slug":"insta","status":"publish","type":"page","link":"https:\/\/signoretanais.com\/index.php\/insta\/","title":{"rendered":"Instagram"},"content":{"rendered":"\t\t<div data-elementor-type=\"wp-page\" data-elementor-id=\"260\" class=\"elementor elementor-260\">\n\t\t\t\t<div class=\"elementor-element elementor-element-eb0a708 e-grid e-con-boxed e-con e-parent\" data-id=\"eb0a708\" data-element_type=\"container\" data-e-type=\"container\">\n\t\t\t\t\t<div class=\"e-con-inner\">\n\t\t\t\t<div class=\"elementor-element elementor-element-1028cfe elementor-widget elementor-widget-image\" data-id=\"1028cfe\" data-element_type=\"widget\" data-e-type=\"widget\" data-widget_type=\"image.default\">\n\t\t\t\t<div class=\"elementor-widget-container\">\n\t\t\t\t\t\t\t\t\t\t\t\t\t\t\t<img decoding=\"async\" width=\"100\" height=\"100\" src=\"https:\/\/signoretanais.com\/wp-content\/uploads\/2025\/01\/Image1-100x100.jpg\" class=\"attachment-twentyseventeen-thumbnail-avatar size-twentyseventeen-thumbnail-avatar wp-image-368\" alt=\"\" srcset=\"https:\/\/signoretanais.com\/wp-content\/uploads\/2025\/01\/Image1-100x100.jpg 100w, https:\/\/signoretanais.com\/wp-content\/uploads\/2025\/01\/Image1-250x250.jpg 250w, https:\/\/signoretanais.com\/wp-content\/uploads\/2025\/01\/Image1-150x150.jpg 150w\" sizes=\"100vw\" \/>\t\t\t\t\t\t\t\t\t\t\t\t\t\t\t<\/div>\n\t\t\t\t<\/div>\n\t\t\t\t\t<\/div>\n\t\t\t\t<\/div>\n\t\t<div class=\"elementor-element elementor-element-2b104fe e-flex e-con-boxed e-con e-parent\" data-id=\"2b104fe\" data-element_type=\"container\" data-e-type=\"container\">\n\t\t\t\t\t<div class=\"e-con-inner\">\n\t\t\t\t<div class=\"elementor-element elementor-element-38362a4 elementor-widget elementor-widget-heading\" data-id=\"38362a4\" data-element_type=\"widget\" data-e-type=\"widget\" data-widget_type=\"heading.default\">\n\t\t\t\t<div class=\"elementor-widget-container\">\n\t\t\t\t\t<h2 class=\"elementor-heading-title elementor-size-default\">@anais.et.ses.secrets.naturels<\/h2>\t\t\t\t<\/div>\n\t\t\t\t<\/div>\n\t\t\t\t<div class=\"elementor-element elementor-element-b0dead5 elementor-widget elementor-widget-text-editor\" data-id=\"b0dead5\" data-element_type=\"widget\" data-e-type=\"widget\" data-widget_type=\"text-editor.default\">\n\t\t\t\t<div class=\"elementor-widget-container\">\n\t\t\t\t\t\t\t\t\t<h4><span style=\"text-decoration: underline;\">Qui suis-je ?\u00a0<\/span><\/h4><p data-start=\"167\" data-end=\"467\">Hello ! Moi c\u2019est Ana\u00efs, <em><strong>naturopathe sp\u00e9cialis\u00e9e chez les b\u00e9b\u00e9s, enfants et ado<\/strong><\/em>, et maman de 2 jeunes enfants. Apr\u00e8s 11 ans d\u2019exp\u00e9rience en tant qu\u2019ing\u00e9nieure agronome, je me suis form\u00e9e \u00e0 la naturopathie avec un regard scientifique et bas\u00e9 sur des preuves.<\/p><p data-start=\"469\" data-end=\"857\">Aujourd\u2019hui, je me consacre aux accompagnements en sant\u00e9 naturelle : <em><strong>consultations 1:1 pour enfants et adultes et soins manuels th\u00e9rapeutiques pour adultes<\/strong><\/em> (drainage lymphatique, chi ne\u00ef tsang, abhyanga).<\/p><p data-start=\"469\" data-end=\"857\">Mon objectif\u202f? Vous aider \u00e0 avancer pas \u00e0 pas, avec des changements durables, pour vous sentir mieux au quotidien.<\/p>\t\t\t\t\t\t\t\t<\/div>\n\t\t\t\t<\/div>\n\t\t\t\t<div class=\"elementor-element elementor-element-f06bac5 elementor-align-center elementor-widget elementor-widget-button\" data-id=\"f06bac5\" data-element_type=\"widget\" data-e-type=\"widget\" data-widget_type=\"button.default\">\n\t\t\t\t<div class=\"elementor-widget-container\">\n\t\t\t\t\t\t\t\t\t<div class=\"elementor-button-wrapper\">\n\t\t\t\t\t<a class=\"elementor-button elementor-button-link elementor-size-sm\" href=\"https:\/\/calendly.com\/signoretanais\">\n\t\t\t\t\t\t<span class=\"elementor-button-content-wrapper\">\n\t\t\t\t\t\t\t\t\t<span class=\"elementor-button-text\">\ud83d\udc76 R\u00e9serve une s\u00e9ance de naturo ou un soin manuel \ud83d\udc86\u200d\u2640\ufe0f<\/span>\n\t\t\t\t\t<\/span>\n\t\t\t\t\t<\/a>\n\t\t\t\t<\/div>\n\t\t\t\t\t\t\t\t<\/div>\n\t\t\t\t<\/div>\n\t\t\t\t<div class=\"elementor-element elementor-element-c9ef593 elementor-align-center elementor-widget elementor-widget-button\" data-id=\"c9ef593\" data-element_type=\"widget\" data-e-type=\"widget\" data-widget_type=\"button.default\">\n\t\t\t\t<div class=\"elementor-widget-container\">\n\t\t\t\t\t\t\t\t\t<div class=\"elementor-button-wrapper\">\n\t\t\t\t\t<a class=\"elementor-button elementor-button-link elementor-size-sm\" href=\"https:\/\/forms.gle\/GP7yeNy9XZsEmKz38\">\n\t\t\t\t\t\t<span class=\"elementor-button-content-wrapper\">\n\t\t\t\t\t\t\t\t\t<span class=\"elementor-button-text\">\ud83e\udeb4 R\u00e9alise ton Api'Quizz et re\u00e7ois des conseils personnalis\u00e9s (gratuit)<\/span>\n\t\t\t\t\t<\/span>\n\t\t\t\t\t<\/a>\n\t\t\t\t<\/div>\n\t\t\t\t\t\t\t\t<\/div>\n\t\t\t\t<\/div>\n\t\t\t\t<div class=\"elementor-element elementor-element-0abd29a elementor-widget elementor-widget-text-editor\" data-id=\"0abd29a\" data-element_type=\"widget\" data-e-type=\"widget\" data-widget_type=\"text-editor.default\">\n\t\t\t\t<div class=\"elementor-widget-container\">\n\t\t\t\t\t\t\t\t\t<h4><span style=\"text-decoration: underline;\">Mes actualit\u00e9s<\/span><\/h4>\t\t\t\t\t\t\t\t<\/div>\n\t\t\t\t<\/div>\n\t\t\t\t<div class=\"elementor-element elementor-element-0b7bcd4 elementor-widget elementor-widget-image\" data-id=\"0b7bcd4\" data-element_type=\"widget\" data-e-type=\"widget\" data-widget_type=\"image.default\">\n\t\t\t\t<div class=\"elementor-widget-container\">\n\t\t\t\t\t\t\t\t\t\t\t\t\t\t\t<img fetchpriority=\"high\" decoding=\"async\" width=\"300\" height=\"251\" src=\"https:\/\/signoretanais.com\/wp-content\/uploads\/2026\/03\/post-webinaire_api-detox-300x251.png\" class=\"attachment-medium size-medium wp-image-771\" alt=\"\" srcset=\"https:\/\/signoretanais.com\/wp-content\/uploads\/2026\/03\/post-webinaire_api-detox-300x251.png 300w, https:\/\/signoretanais.com\/wp-content\/uploads\/2026\/03\/post-webinaire_api-detox-768x644.png 768w, https:\/\/signoretanais.com\/wp-content\/uploads\/2026\/03\/post-webinaire_api-detox-350x293.png 350w, https:\/\/signoretanais.com\/wp-content\/uploads\/2026\/03\/post-webinaire_api-detox.png 940w\" sizes=\"100vw\" \/>\t\t\t\t\t\t\t\t\t\t\t\t\t\t\t<\/div>\n\t\t\t\t<\/div>\n\t\t\t\t<div class=\"elementor-element elementor-element-a01a85b elementor-widget elementor-widget-text-editor\" data-id=\"a01a85b\" data-element_type=\"widget\" data-e-type=\"widget\" data-widget_type=\"text-editor.default\">\n\t\t\t\t<div class=\"elementor-widget-container\">\n\t\t\t\t\t\t\t\t\t<p><strong>Mardi 20 avril | 13h<\/strong><\/p><p data-start=\"48\" data-end=\"261\">Envie de retrouver de l\u2019\u00e9nergie sans passer par une d\u00e9tox drastique et frustrante ?<br data-start=\"131\" data-end=\"134\" \/>Lors de ce webinaire, on explique comment mettre en place une <strong data-start=\"201\" data-end=\"260\">d\u00e9tox douce, respectueuse du corps et vraiment efficace<\/strong>.<\/p><p data-start=\"263\" data-end=\"431\">Au programme : comprendre le r\u00f4le cl\u00e9 du foie, soutenir naturellement les fonctions d\u2019\u00e9limination et \u00e9viter les erreurs classiques qui fatiguent plus qu\u2019elles n\u2019aident.<\/p><p data-start=\"641\" data-end=\"795\" data-is-last-node=\"\" data-is-only-node=\"\">L\u2019objectif : vous aider \u00e0 <strong data-start=\"667\" data-end=\"750\">relancer votre \u00e9nergie, all\u00e9ger votre organisme et retrouver un vrai mieux-\u00eatre<\/strong>, sans pression ni protocoles compliqu\u00e9s \ud83d\udc1d\ud83c\udf3f<\/p><p><img decoding=\"async\" class=\"emoji\" role=\"img\" draggable=\"false\" src=\"https:\/\/s.w.org\/images\/core\/emoji\/17.0.2\/svg\/1f33c.svg\" alt=\"\ud83c\udf3c\" \/><img decoding=\"async\" class=\"emoji\" role=\"img\" draggable=\"false\" src=\"https:\/\/s.w.org\/images\/core\/emoji\/17.0.2\/svg\/1f36f.svg\" alt=\"\ud83c\udf6f\" \/>\u00a0 Webinaire gratuit, inscription ici <img decoding=\"async\" class=\"emoji\" role=\"img\" draggable=\"false\" src=\"https:\/\/s.w.org\/images\/core\/emoji\/17.0.2\/svg\/1f449.svg\" alt=\"\ud83d\udc49\" \/> <a href=\"https:\/\/calendly.com\/signoretanais\/webinaire-apitherapie\">ici<\/a>\u00a0<\/p>\t\t\t\t\t\t\t\t<\/div>\n\t\t\t\t<\/div>\n\t\t\t\t<div class=\"elementor-element elementor-element-297e2a7 elementor-widget elementor-widget-text-editor\" data-id=\"297e2a7\" data-element_type=\"widget\" data-e-type=\"widget\" data-widget_type=\"text-editor.default\">\n\t\t\t\t<div class=\"elementor-widget-container\">\n\t\t\t\t\t\t\t\t\t<p><span style=\"text-decoration-line: underline; color: #333333; font-size: 1.125rem; font-weight: 800;\">Ma mission<\/span><\/p><p>J\u2019accompagne<strong> les mamans<\/strong> \u00e0 prendre soin de leurs enfants de fa\u00e7on naturelle, gr\u00e2ce \u00e0 la naturopathie et aux tr\u00e9sors de la ruche pour une sant\u00e9 plus douce.<br data-start=\"1056\" data-end=\"1059\" \/>Ma priorit\u00e9 est de rendre le bien-\u00eatre au naturel accessible, doux et efficace pour toute la famille, tout en aidant <em><strong>d\u2019autres femmes \u00e0 s\u2019\u00e9panouir dans une activit\u00e9 pleine de sens<\/strong><\/em>.<\/p><p>\u00a0<\/p>\t\t\t\t\t\t\t\t<\/div>\n\t\t\t\t<\/div>\n\t\t\t\t<div class=\"elementor-element elementor-element-4661330 elementor-align-center elementor-widget elementor-widget-button\" data-id=\"4661330\" data-element_type=\"widget\" data-e-type=\"widget\" data-widget_type=\"button.default\">\n\t\t\t\t<div class=\"elementor-widget-container\">\n\t\t\t\t\t\t\t\t\t<div class=\"elementor-button-wrapper\">\n\t\t\t\t\t<a class=\"elementor-button elementor-button-link elementor-size-sm\" href=\"https:\/\/forms.gle\/6oYWWUPjwgyk4UW3A\">\n\t\t\t\t\t\t<span class=\"elementor-button-content-wrapper\">\n\t\t\t\t\t\t\t\t\t<span class=\"elementor-button-text\">\ud83d\udc40 Sois curieuse et viens papoter de l'opportunit\u00e9 Beez'ness<\/span>\n\t\t\t\t\t<\/span>\n\t\t\t\t\t<\/a>\n\t\t\t\t<\/div>\n\t\t\t\t\t\t\t\t<\/div>\n\t\t\t\t<\/div>\n\t\t\t\t<div class=\"elementor-element elementor-element-8275fdb elementor-widget elementor-widget-text-editor\" data-id=\"8275fdb\" data-element_type=\"widget\" data-e-type=\"widget\" data-widget_type=\"text-editor.default\">\n\t\t\t\t<div class=\"elementor-widget-container\">\n\t\t\t\t\t\t\t\t\t<p><span style=\"text-decoration-line: underline; color: #333333; font-size: 1.125rem; font-weight: 800;\">Secrets de Miel<\/span><\/p><p>Exigeante sur la qualit\u00e9 des produits que <strong>j&rsquo;utilise et conseille<\/strong>, j&rsquo;ai choisi de faire confiance \u00e0 <em><strong>Secrets de Miel<\/strong> <\/em>pour les produits d&rsquo;apith\u00e9rapie.<\/p>\t\t\t\t\t\t\t\t<\/div>\n\t\t\t\t<\/div>\n\t\t\t\t<div class=\"elementor-element elementor-element-bddb664 elementor-widget elementor-widget-text-editor\" data-id=\"bddb664\" data-element_type=\"widget\" data-e-type=\"widget\" data-widget_type=\"text-editor.default\">\n\t\t\t\t<div class=\"elementor-widget-container\">\n\t\t\t\t\t\t\t\t\t<ul><li>C&rsquo;est une entreprise <strong>fran\u00e7aise et familiale<\/strong> \ud83e\udef6<\/li><li>Proposant des produits th\u00e9rapeutique et beaut\u00e9<strong> haut de gamme<\/strong> \u2728<\/li><li><strong>100 %<\/strong> naturels et Made In France\u00a0\ud83d\udc13<\/li><li>La particularit\u00e9 ? Une haute concentration en actifs naturels et tr\u00e9sors de la ruche \ud83c\udf3f<\/li><li>Cerise sur le g\u00e2teau : pour les besoins <strong>de toute la famille<\/strong> \ud83d\udc68\u200d\ud83d\udc69\u200d\ud83d\udc66\u200d\ud83d\udc66<\/li><\/ul>\t\t\t\t\t\t\t\t<\/div>\n\t\t\t\t<\/div>\n\t\t\t\t<div class=\"elementor-element elementor-element-2af3738 elementor-align-center elementor-widget elementor-widget-button\" data-id=\"2af3738\" data-element_type=\"widget\" data-e-type=\"widget\" data-widget_type=\"button.default\">\n\t\t\t\t<div class=\"elementor-widget-container\">\n\t\t\t\t\t\t\t\t\t<div class=\"elementor-button-wrapper\">\n\t\t\t\t\t<a class=\"elementor-button elementor-button-link elementor-size-sm\" href=\"https:\/\/www.instagram.com\/reel\/DFrtoVqifOM\/?igsh=a3pnY3duOGpseTRz\">\n\t\t\t\t\t\t<span class=\"elementor-button-content-wrapper\">\n\t\t\t\t\t\t\t\t\t<span class=\"elementor-button-text\">\ud83c\udfa5 D\u00e9couvre Secrets de Miel avec l'interview d'Elise par Brut<\/span>\n\t\t\t\t\t<\/span>\n\t\t\t\t\t<\/a>\n\t\t\t\t<\/div>\n\t\t\t\t\t\t\t\t<\/div>\n\t\t\t\t<\/div>\n\t\t\t\t<div class=\"elementor-element elementor-element-c53322e elementor-align-center elementor-widget elementor-widget-button\" data-id=\"c53322e\" data-element_type=\"widget\" data-e-type=\"widget\" data-widget_type=\"button.default\">\n\t\t\t\t<div class=\"elementor-widget-container\">\n\t\t\t\t\t\t\t\t\t<div class=\"elementor-button-wrapper\">\n\t\t\t\t\t<a class=\"elementor-button elementor-button-link elementor-size-sm\" href=\"https:\/\/eu1.digital-catalogue.com\/view\/secretsdemiel\/catalogue\/?CodeCourtier=HEKS137#page\/I\">\n\t\t\t\t\t\t<span class=\"elementor-button-content-wrapper\">\n\t\t\t\t\t\t\t\t\t<span class=\"elementor-button-text\">\ud83d\udc1d Cr\u00e9e ton panier et envoie-le \u00e0 Ana\u00efs avec le catalogue int\u00e9ractif<\/span>\n\t\t\t\t\t<\/span>\n\t\t\t\t\t<\/a>\n\t\t\t\t<\/div>\n\t\t\t\t\t\t\t\t<\/div>\n\t\t\t\t<\/div>\n\t\t\t\t<div class=\"elementor-element elementor-element-a9940f5 elementor-align-center elementor-widget elementor-widget-button\" data-id=\"a9940f5\" data-element_type=\"widget\" data-e-type=\"widget\" data-widget_type=\"button.default\">\n\t\t\t\t<div class=\"elementor-widget-container\">\n\t\t\t\t\t\t\t\t\t<div class=\"elementor-button-wrapper\">\n\t\t\t\t\t<a class=\"elementor-button elementor-button-link elementor-size-sm\" href=\"https:\/\/privilege.secretsdemiel.com\/fr?CodeCourtier=HEKS137\">\n\t\t\t\t\t\t<span class=\"elementor-button-content-wrapper\">\n\t\t\t\t\t\t\t\t\t<span class=\"elementor-button-text\">\ud83c\udf81 Passe commande en autonomie sur l'e-shop d'Ana\u00efs<\/span>\n\t\t\t\t\t<\/span>\n\t\t\t\t\t<\/a>\n\t\t\t\t<\/div>\n\t\t\t\t\t\t\t\t<\/div>\n\t\t\t\t<\/div>\n\t\t\t\t<div class=\"elementor-element elementor-element-e4f5f03 elementor-align-center elementor-widget elementor-widget-button\" data-id=\"e4f5f03\" data-element_type=\"widget\" data-e-type=\"widget\" data-widget_type=\"button.default\">\n\t\t\t\t<div class=\"elementor-widget-container\">\n\t\t\t\t\t\t\t\t\t<div class=\"elementor-button-wrapper\">\n\t\t\t\t\t<a class=\"elementor-button elementor-button-link elementor-size-sm\" href=\"https:\/\/brd.so\/13M7XhcDv77NnG0XcIyQXxqtOTJb.pdf\">\n\t\t\t\t\t\t<span class=\"elementor-button-content-wrapper\">\n\t\t\t\t\t\t\t\t\t<span class=\"elementor-button-text\">\ud83c\udf37NEWS\ud83c\udf37 Capsule d'Avril<\/span>\n\t\t\t\t\t<\/span>\n\t\t\t\t\t<\/a>\n\t\t\t\t<\/div>\n\t\t\t\t\t\t\t\t<\/div>\n\t\t\t\t<\/div>\n\t\t\t\t<div class=\"elementor-element elementor-element-9b1f9c6 elementor-widget elementor-widget-text-editor\" data-id=\"9b1f9c6\" data-element_type=\"widget\" data-e-type=\"widget\" data-widget_type=\"text-editor.default\">\n\t\t\t\t<div class=\"elementor-widget-container\">\n\t\t\t\t\t\t\t\t\t<p>Je propose r\u00e9guli\u00e8rement des ateliers \u00e0 domicile (ou en distanciel) pour faire (re)d\u00e9couvrir les pouvoirs de la ruche et te couvrir de jolis cadeaux. Si \u00e7a te tente, contactes moi <img decoding=\"async\" class=\"emoji\" role=\"img\" draggable=\"false\" src=\"https:\/\/s.w.org\/images\/core\/emoji\/16.0.1\/svg\/1f609.svg\" alt=\"\ud83d\ude09\"><\/p>\n<p><strong><img decoding=\"async\" class=\"emoji\" role=\"img\" draggable=\"false\" src=\"https:\/\/s.w.org\/images\/core\/emoji\/16.0.1\/svg\/1f4cd.svg\" alt=\"\ud83d\udccd\"> Secteur 04 &amp; 05<\/strong><\/p>\t\t\t\t\t\t\t\t<\/div>\n\t\t\t\t<\/div>\n\t\t\t\t<div class=\"elementor-element elementor-element-58cf78b elementor-widget elementor-widget-video\" data-id=\"58cf78b\" data-element_type=\"widget\" data-e-type=\"widget\" data-settings=\"{&quot;youtube_url&quot;:&quot;https:\\\/\\\/youtube.com\\\/shorts\\\/R2islDnaIf8?si=AZw13vY73H3cip9P&quot;,&quot;video_type&quot;:&quot;youtube&quot;,&quot;controls&quot;:&quot;yes&quot;}\" data-widget_type=\"video.default\">\n\t\t\t\t<div class=\"elementor-widget-container\">\n\t\t\t\t\t\t\t<div class=\"elementor-wrapper elementor-open-inline\">\n\t\t\t<div class=\"elementor-video\"><\/div>\t\t<\/div>\n\t\t\t\t\t\t<\/div>\n\t\t\t\t<\/div>\n\t\t\t\t\t<\/div>\n\t\t\t\t<\/div>\n\t\t<div class=\"elementor-element elementor-element-7ca5ad0 e-flex e-con-boxed e-con e-parent\" data-id=\"7ca5ad0\" data-element_type=\"container\" data-e-type=\"container\">\n\t\t\t\t\t<div class=\"e-con-inner\">\n\t\t\t\t<div class=\"elementor-element elementor-element-4739103 elementor-widget elementor-widget-text-editor\" data-id=\"4739103\" data-element_type=\"widget\" data-e-type=\"widget\" data-widget_type=\"text-editor.default\">\n\t\t\t\t<div class=\"elementor-widget-container\">\n\t\t\t\t\t\t\t\t\t<p><a href=\"https:\/\/signoretanais.com\/\"><span style=\"text-decoration: underline;\">Site internet d&rsquo;Ana\u00efs<\/span><\/a><\/p>\t\t\t\t\t\t\t\t<\/div>\n\t\t\t\t<\/div>\n\t\t\t\t\t<\/div>\n\t\t\t\t<\/div>\n\t\t\t\t<\/div>\n\t\t","protected":false},"excerpt":{"rendered":"<p>@anais.et.ses.secrets.naturels Qui suis-je ?\u00a0 Hello ! Moi c\u2019est Ana\u00efs, naturopathe sp\u00e9cialis\u00e9e chez les b\u00e9b\u00e9s, enfants et ado, et maman de 2 jeunes enfants. Apr\u00e8s 11 ans d\u2019exp\u00e9rience en tant qu\u2019ing\u00e9nieure agronome, je me suis form\u00e9e \u00e0 la naturopathie avec un regard scientifique et bas\u00e9 sur des preuves. Aujourd\u2019hui, je me consacre aux accompagnements en sant\u00e9 &hellip; <\/p>\n<p class=\"link-more\"><a href=\"https:\/\/signoretanais.com\/index.php\/insta\/\" class=\"more-link\">Continuer la lecture<span class=\"screen-reader-text\"> de &laquo;&nbsp;Instagram&nbsp;&raquo;<\/span><\/a><\/p>\n","protected":false},"author":1,"featured_media":0,"parent":0,"menu_order":0,"comment_status":"closed","ping_status":"closed","template":"","meta":{"_monsterinsights_skip_tracking":false,"_monsterinsights_sitenote_active":false,"_monsterinsights_sitenote_note":"","_monsterinsights_sitenote_category":0,"_uf_show_specific_survey":0,"_uf_disable_surveys":false,"footnotes":""},"class_list":["post-260","page","type-page","status-publish","hentry"],"aioseo_notices":[],"jetpack_sharing_enabled":true,"_links":{"self":[{"href":"https:\/\/signoretanais.com\/index.php\/wp-json\/wp\/v2\/pages\/260","targetHints":{"allow":["GET"]}}],"collection":[{"href":"https:\/\/signoretanais.com\/index.php\/wp-json\/wp\/v2\/pages"}],"about":[{"href":"https:\/\/signoretanais.com\/index.php\/wp-json\/wp\/v2\/types\/page"}],"author":[{"embeddable":true,"href":"https:\/\/signoretanais.com\/index.php\/wp-json\/wp\/v2\/users\/1"}],"replies":[{"embeddable":true,"href":"https:\/\/signoretanais.com\/index.php\/wp-json\/wp\/v2\/comments?post=260"}],"version-history":[{"count":130,"href":"https:\/\/signoretanais.com\/index.php\/wp-json\/wp\/v2\/pages\/260\/revisions"}],"predecessor-version":[{"id":809,"href":"https:\/\/signoretanais.com\/index.php\/wp-json\/wp\/v2\/pages\/260\/revisions\/809"}],"wp:attachment":[{"href":"https:\/\/signoretanais.com\/index.php\/wp-json\/wp\/v2\/media?parent=260"}],"curies":[{"name":"wp","href":"https:\/\/api.w.org\/{rel}","templated":true}]}}