{"id":633,"date":"2025-12-26T18:32:50","date_gmt":"2025-12-26T17:32:50","guid":{"rendered":"https:\/\/signoretanais.com\/?page_id=633"},"modified":"2026-01-01T12:11:35","modified_gmt":"2026-01-01T11:11:35","slug":"boutique-3","status":"publish","type":"page","link":"https:\/\/signoretanais.com\/index.php\/boutique-3\/","title":{"rendered":"Boutique"},"content":{"rendered":"\t\t<div data-elementor-type=\"wp-page\" data-elementor-id=\"633\" class=\"elementor elementor-633\">\n\t\t\t\t<div class=\"elementor-element elementor-element-4398785f e-flex e-con-boxed e-con e-parent\" data-id=\"4398785f\" data-element_type=\"container\" data-e-type=\"container\">\n\t\t\t\t\t<div class=\"e-con-inner\">\n\t\t\t\t<div class=\"elementor-element elementor-element-33e74377 elementor-widget elementor-widget-text-editor\" data-id=\"33e74377\" data-element_type=\"widget\" data-e-type=\"widget\" data-widget_type=\"text-editor.default\">\n\t\t\t\t<div class=\"elementor-widget-container\">\n\t\t\t\t\t\t\t\t\t<p data-start=\"85\" data-end=\"153\">Des ressources et cadeaux naturels pour toute la famille | D\u00e9couvrez la s\u00e9lection de supports digitaux et cadeaux pens\u00e9s pour accompagner le bien-\u00eatre des enfants et des parents.<\/p>\n<p><!-- \/wp:paragraph --><!-- wp:paragraph --><\/p>\n<p><!-- \/wp:paragraph --><\/p>\t\t\t\t\t\t\t\t<\/div>\n\t\t\t\t<\/div>\n\t\t\t\t<div class=\"elementor-element elementor-element-882b19f elementor-align-center elementor-widget elementor-widget-button\" data-id=\"882b19f\" data-element_type=\"widget\" data-e-type=\"widget\" data-widget_type=\"button.default\">\n\t\t\t\t<div class=\"elementor-widget-container\">\n\t\t\t\t\t\t\t\t\t<div class=\"elementor-button-wrapper\">\n\t\t\t\t\t<a class=\"elementor-button elementor-button-link elementor-size-sm\" href=\"https:\/\/signoretanais.com\/index.php\/boutique\/\">\n\t\t\t\t\t\t<span class=\"elementor-button-content-wrapper\">\n\t\t\t\t\t\t\t\t\t<span class=\"elementor-button-text\">Aller sur la boutique<\/span>\n\t\t\t\t\t<\/span>\n\t\t\t\t\t<\/a>\n\t\t\t\t<\/div>\n\t\t\t\t\t\t\t\t<\/div>\n\t\t\t\t<\/div>\n\t\t\t\t\t<\/div>\n\t\t\t\t<\/div>\n\t\t\t\t<\/div>\n\t\t","protected":false},"excerpt":{"rendered":"<p>Des ressources et cadeaux naturels pour toute la famille | D\u00e9couvrez la s\u00e9lection de supports digitaux et cadeaux pens\u00e9s pour accompagner le bien-\u00eatre des enfants et des parents. Aller sur la boutique<\/p>\n","protected":false},"author":1,"featured_media":104,"parent":0,"menu_order":0,"comment_status":"closed","ping_status":"closed","template":"","meta":{"_monsterinsights_skip_tracking":false,"_monsterinsights_sitenote_active":false,"_monsterinsights_sitenote_note":"","_monsterinsights_sitenote_category":0,"_uf_show_specific_survey":0,"_uf_disable_surveys":false,"footnotes":""},"class_list":["post-633","page","type-page","status-publish","has-post-thumbnail","hentry"],"aioseo_notices":[],"jetpack_sharing_enabled":true,"_links":{"self":[{"href":"https:\/\/signoretanais.com\/index.php\/wp-json\/wp\/v2\/pages\/633","targetHints":{"allow":["GET"]}}],"collection":[{"href":"https:\/\/signoretanais.com\/index.php\/wp-json\/wp\/v2\/pages"}],"about":[{"href":"https:\/\/signoretanais.com\/index.php\/wp-json\/wp\/v2\/types\/page"}],"author":[{"embeddable":true,"href":"https:\/\/signoretanais.com\/index.php\/wp-json\/wp\/v2\/users\/1"}],"replies":[{"embeddable":true,"href":"https:\/\/signoretanais.com\/index.php\/wp-json\/wp\/v2\/comments?post=633"}],"version-history":[{"count":5,"href":"https:\/\/signoretanais.com\/index.php\/wp-json\/wp\/v2\/pages\/633\/revisions"}],"predecessor-version":[{"id":640,"href":"https:\/\/signoretanais.com\/index.php\/wp-json\/wp\/v2\/pages\/633\/revisions\/640"}],"wp:featuredmedia":[{"embeddable":true,"href":"https:\/\/signoretanais.com\/index.php\/wp-json\/wp\/v2\/media\/104"}],"wp:attachment":[{"href":"https:\/\/signoretanais.com\/index.php\/wp-json\/wp\/v2\/media?parent=633"}],"curies":[{"name":"wp","href":"https:\/\/api.w.org\/{rel}","templated":true}]}}