{"id":717,"date":"2026-01-14T20:45:10","date_gmt":"2026-01-14T19:45:10","guid":{"rendered":"https:\/\/signoretanais.com\/?page_id=717"},"modified":"2026-01-14T21:07:39","modified_gmt":"2026-01-14T20:07:39","slug":"oppsdm","status":"publish","type":"page","link":"https:\/\/signoretanais.com\/index.php\/oppsdm\/","title":{"rendered":"Opp SdM"},"content":{"rendered":"\t\t<div data-elementor-type=\"wp-page\" data-elementor-id=\"717\" class=\"elementor elementor-717\">\n\t\t\t\t<div class=\"elementor-element elementor-element-1f529ca e-flex e-con-boxed e-con e-parent\" data-id=\"1f529ca\" data-element_type=\"container\" data-e-type=\"container\">\n\t\t\t\t\t<div class=\"e-con-inner\">\n\t\t\t\t<div class=\"elementor-element elementor-element-4d792dc elementor-widget elementor-widget-text-editor\" data-id=\"4d792dc\" data-element_type=\"widget\" data-e-type=\"widget\" data-widget_type=\"text-editor.default\">\n\t\t\t\t<div class=\"elementor-widget-container\">\n\t\t\t\t\t\t\t\t\t<p data-start=\"80\" data-end=\"154\">\u2728 <strong data-start=\"82\" data-end=\"149\">Et si votre quotidien avait (un peu) plus de sens\u2026 et de miel ?<\/strong> \ud83c\udf6f<\/p><p data-start=\"156\" data-end=\"385\">Vous aimez le naturel, le made in France et les produits qui font vraiment du bien \u00e0 toute la famille ? Vous avez envie d\u2019une activit\u00e9 qui s\u2019adapte \u00e0 votre vie (et pas l\u2019inverse), humaine, flexible et align\u00e9e avec vos valeurs ?<\/p><p data-start=\"387\" data-end=\"666\">Rejoindre <strong data-start=\"397\" data-end=\"416\">Secrets de Miel<\/strong>, c\u2019est bien plus que vendre des produits de la ruche. C\u2019est <strong data-start=\"479\" data-end=\"542\">partager avec moi une aventure autour des produits naturels<\/strong>, au sein d\u2019une \u00e9quipe engag\u00e9e, bienveillante et inspirante, o\u00f9 chacune avance \u00e0 son rythme, soutenue, form\u00e9e et encourag\u00e9e.<\/p><p data-start=\"668\" data-end=\"834\">Que vous cherchiez un <strong data-start=\"690\" data-end=\"714\">compl\u00e9ment de revenu<\/strong>, une <strong data-start=\"720\" data-end=\"736\">reconversion<\/strong> ou simplement un projet qui a du c\u0153ur, ici, chaque petit pas compte (et peut aller tr\u00e8s loin \ud83d\ude09).<\/p><p data-start=\"836\" data-end=\"942\">\ud83c\udf6f Produits naturels et de qualit\u00e9<br data-start=\"870\" data-end=\"873\" \/>\ud83e\udd1d Esprit d\u2019\u00e9quipe et entraide<br data-start=\"903\" data-end=\"906\" \/>\ud83c\udf31 Libert\u00e9, sens et \u00e9panouissement<\/p><p data-start=\"944\" data-end=\"1043\">\ud83d\udc49 Curieuse d\u2019en savoir plus ? D\u00e9couvrez par ici la magie au naturel avec <em><a href=\"https:\/\/www.secretsdemiel.com\/devenir-conseillere\/\">Secrets de Miel<\/a><\/em>. Et \u00e9changeons ensemble et voyons si cette aventure est faite pour vous.<\/p>\t\t\t\t\t\t\t\t<\/div>\n\t\t\t\t<\/div>\n\t\t\t\t\t<\/div>\n\t\t\t\t<\/div>\n\t\t<div class=\"elementor-element elementor-element-c085c97 e-grid e-con-boxed e-con e-parent\" data-id=\"c085c97\" data-element_type=\"container\" data-e-type=\"container\">\n\t\t\t\t\t<div class=\"e-con-inner\">\n\t\t\t\t<div class=\"elementor-element elementor-element-5cb79ed elementor-widget elementor-widget-button\" data-id=\"5cb79ed\" data-element_type=\"widget\" data-e-type=\"widget\" data-widget_type=\"button.default\">\n\t\t\t\t<div class=\"elementor-widget-container\">\n\t\t\t\t\t\t\t\t\t<div class=\"elementor-button-wrapper\">\n\t\t\t\t\t<a class=\"elementor-button elementor-button-link elementor-size-sm\" href=\"https:\/\/drive.google.com\/file\/d\/1C1BCOUs57tQLoml9zjVrm_OrWFtmlL91\/view?usp=drive_link\">\n\t\t\t\t\t\t<span class=\"elementor-button-content-wrapper\">\n\t\t\t\t\t\t\t\t\t<span class=\"elementor-button-text\">D\u00e9couvrez l'offre d'opportunit\u00e9<\/span>\n\t\t\t\t\t<\/span>\n\t\t\t\t\t<\/a>\n\t\t\t\t<\/div>\n\t\t\t\t\t\t\t\t<\/div>\n\t\t\t\t<\/div>\n\t\t\t\t<div class=\"elementor-element elementor-element-6795d51 elementor-widget elementor-widget-button\" data-id=\"6795d51\" data-element_type=\"widget\" data-e-type=\"widget\" data-widget_type=\"button.default\">\n\t\t\t\t<div class=\"elementor-widget-container\">\n\t\t\t\t\t\t\t\t\t<div class=\"elementor-button-wrapper\">\n\t\t\t\t\t<a class=\"elementor-button elementor-button-link elementor-size-sm\" href=\"https:\/\/calendly.com\/signoretanais\/mentorat-sdm-clone\">\n\t\t\t\t\t\t<span class=\"elementor-button-content-wrapper\">\n\t\t\t\t\t\t\t\t\t<span class=\"elementor-button-text\">R\u00e9servez votre appel d'opportunit\u00e9<\/span>\n\t\t\t\t\t<\/span>\n\t\t\t\t\t<\/a>\n\t\t\t\t<\/div>\n\t\t\t\t\t\t\t\t<\/div>\n\t\t\t\t<\/div>\n\t\t\t\t\t<\/div>\n\t\t\t\t<\/div>\n\t\t<div class=\"elementor-element elementor-element-c69df36 e-flex e-con-boxed e-con e-parent\" data-id=\"c69df36\" data-element_type=\"container\" data-e-type=\"container\">\n\t\t\t\t\t<div class=\"e-con-inner\">\n\t\t\t\t<div class=\"elementor-element elementor-element-77a2fe5 elementor-widget elementor-widget-text-editor\" data-id=\"77a2fe5\" data-element_type=\"widget\" data-e-type=\"widget\" data-widget_type=\"text-editor.default\">\n\t\t\t\t<div class=\"elementor-widget-container\">\n\t\t\t\t\t\t\t\t\t<p><strong><a href=\"https:\/\/signoretanais.com\/\">www.signoretanais.com<\/a><\/strong><\/p>\t\t\t\t\t\t\t\t<\/div>\n\t\t\t\t<\/div>\n\t\t\t\t\t<\/div>\n\t\t\t\t<\/div>\n\t\t\t\t<\/div>\n\t\t","protected":false},"excerpt":{"rendered":"<p>\u2728 Et si votre quotidien avait (un peu) plus de sens\u2026 et de miel ? \ud83c\udf6f Vous aimez le naturel, le made in France et les produits qui font vraiment du bien \u00e0 toute la famille ? Vous avez envie d\u2019une activit\u00e9 qui s\u2019adapte \u00e0 votre vie (et pas l\u2019inverse), humaine, flexible et align\u00e9e avec &hellip; <\/p>\n<p class=\"link-more\"><a href=\"https:\/\/signoretanais.com\/index.php\/oppsdm\/\" class=\"more-link\">Continuer la lecture<span class=\"screen-reader-text\"> de &laquo;&nbsp;Opp SdM&nbsp;&raquo;<\/span><\/a><\/p>\n","protected":false},"author":1,"featured_media":0,"parent":0,"menu_order":0,"comment_status":"closed","ping_status":"closed","template":"","meta":{"_monsterinsights_skip_tracking":false,"_monsterinsights_sitenote_active":false,"_monsterinsights_sitenote_note":"","_monsterinsights_sitenote_category":0,"_uf_show_specific_survey":0,"_uf_disable_surveys":false,"footnotes":""},"class_list":["post-717","page","type-page","status-publish","hentry"],"aioseo_notices":[],"jetpack_sharing_enabled":true,"_links":{"self":[{"href":"https:\/\/signoretanais.com\/index.php\/wp-json\/wp\/v2\/pages\/717","targetHints":{"allow":["GET"]}}],"collection":[{"href":"https:\/\/signoretanais.com\/index.php\/wp-json\/wp\/v2\/pages"}],"about":[{"href":"https:\/\/signoretanais.com\/index.php\/wp-json\/wp\/v2\/types\/page"}],"author":[{"embeddable":true,"href":"https:\/\/signoretanais.com\/index.php\/wp-json\/wp\/v2\/users\/1"}],"replies":[{"embeddable":true,"href":"https:\/\/signoretanais.com\/index.php\/wp-json\/wp\/v2\/comments?post=717"}],"version-history":[{"count":8,"href":"https:\/\/signoretanais.com\/index.php\/wp-json\/wp\/v2\/pages\/717\/revisions"}],"predecessor-version":[{"id":726,"href":"https:\/\/signoretanais.com\/index.php\/wp-json\/wp\/v2\/pages\/717\/revisions\/726"}],"wp:attachment":[{"href":"https:\/\/signoretanais.com\/index.php\/wp-json\/wp\/v2\/media?parent=717"}],"curies":[{"name":"wp","href":"https:\/\/api.w.org\/{rel}","templated":true}]}}